{"id":259,"date":"2016-05-23T10:32:02","date_gmt":"2016-05-23T10:32:02","guid":{"rendered":"http:\/\/test.kriesi.at\/enfold-health-coach\/?page_id=259"},"modified":"2026-03-27T14:40:50","modified_gmt":"2026-03-27T14:40:50","slug":"blog","status":"publish","type":"page","link":"https:\/\/elizabethpeladeau.com\/fr\/blog\/","title":{"rendered":"Blog"},"content":{"rendered":"<\/div><\/div><\/div><!-- close content main div --><\/div><\/div><div id='welcome' class='av-layout-grid-container entry-content-wrapper main_color av-fixed-cells    container_wrap sidebar_right'   >\n<div class=\"flex_cell no_margin av_one_fourth   av-zero-padding \" style='height:15px; min-height:15px;vertical-align:top; padding:0px; background-color:#eb3c96; '><div class='flex_cell_inner' ><\/div><\/div><div class=\"flex_cell no_margin av_one_fourth   av-zero-padding \" style='height:15px; min-height:15px;vertical-align:top; padding:0px; background-color:#ea67ab; '><div class='flex_cell_inner' ><\/div><\/div><div class=\"flex_cell no_margin av_one_fourth   av-zero-padding \" style='height:15px; min-height:15px;vertical-align:top; padding:0px; background-color:#ea85b9; '><div class='flex_cell_inner' ><\/div><\/div><div class=\"flex_cell no_margin av_one_fourth   av-zero-padding \" style='height:15px; min-height:15px;vertical-align:top; padding:0px; background-color:#eaadcd; '><div class='flex_cell_inner' ><\/div><\/div>\n<\/div>\n<div style='padding-bottom:10px;' class='av-special-heading av-special-heading-h1  blockquote modern-quote modern-centered   '><h1 class='av-special-heading-tag '  itemprop=\"headline\"  >Blog<\/h1><div class='special-heading-border'><div class='special-heading-inner-border' ><\/div><\/div><\/div>\n<\/div><\/div><\/div><!-- close content main div --><\/div><\/div><div id='av_section_1' class='avia-section main_color avia-section-default avia-no-shadow avia-bg-style-scroll   container_wrap sidebar_right'   ><div class='container' ><div class='template-page content  av-content-small alpha units'><div class='post-entry post-entry-type-page post-entry-259'><div class='entry-content-wrapper clearfix'>\n<div class=\"flex_column av_three_fourth  flex_column_div av-zero-column-padding first  \" style='border-radius:0px; '><div class='av-alb-blogposts template-blog  '  itemscope=\"itemscope\" itemtype=\"https:\/\/schema.org\/Blog\" ><article class='post-entry post-entry-type-image post-entry-2192 post-loop-1 post-parity-odd post-entry-last single-big  post-2192 post type-post status-publish format-image has-post-thumbnail hentry category-authenticity category-mindset category-personal-growth tag-adhd tag-authenticity tag-inspiration tag-life-coaching tag-reconnect tag-self-discovery post_format-post-format-image'  itemscope=\"itemscope\" itemtype=\"https:\/\/schema.org\/BlogPosting\" ><div class='blog-meta'><\/div><div class='entry-content-wrapper clearfix image-content'><header class=\"entry-content-header\"><span class=\"blog-categories minor-meta\"><a href=\"https:\/\/elizabethpeladeau.com\/fr\/category\/authenticity\/\" rel=\"tag\">Authenticity<\/a>, <a href=\"https:\/\/elizabethpeladeau.com\/fr\/category\/mindset\/\" rel=\"tag\">Mindset<\/a>, <a href=\"https:\/\/elizabethpeladeau.com\/fr\/category\/personal-growth\/\" rel=\"tag\">Personal Growth<\/a> <\/span><h2 class='post-title entry-title'  itemprop=\"headline\" >\t<a href='https:\/\/elizabethpeladeau.com\/fr\/reconnect-realign-rise-my-story\/' rel='bookmark' title='Permanent Link: Real me, ADHD &#038; authenticity \u2014 My Story'>Real me, ADHD &#038; authenticity \u2014 My Story\t\t\t<span class='post-format-icon minor-meta'><\/span>\t<\/a><\/h2><span class=\"av-vertical-delimiter\"><\/span><div class=\"big-preview single-big\"><div class=\"avia-post-format-image\"><a href=\"https:\/\/elizabethpeladeau.com\/wp-content\/uploads\/2025\/07\/20250916_193130-1134x1500.jpg\"><img loading=\"lazy\" decoding=\"async\" width=\"779\" height=\"1030\" src=\"https:\/\/elizabethpeladeau.com\/wp-content\/uploads\/2025\/07\/20250916_193130-779x1030.jpg\" class=\"attachment-large size-large wp-post-image\" alt=\"Elizabeth as a first grader, smiling &amp; confident - a reminder to reconnect to yourself and your authentic childhood spark.\" srcset=\"https:\/\/elizabethpeladeau.com\/wp-content\/uploads\/2025\/07\/20250916_193130-779x1030.jpg 779w, https:\/\/elizabethpeladeau.com\/wp-content\/uploads\/2025\/07\/20250916_193130-227x300.jpg 227w, https:\/\/elizabethpeladeau.com\/wp-content\/uploads\/2025\/07\/20250916_193130-768x1015.jpg 768w, https:\/\/elizabethpeladeau.com\/wp-content\/uploads\/2025\/07\/20250916_193130-1162x1536.jpg 1162w, https:\/\/elizabethpeladeau.com\/wp-content\/uploads\/2025\/07\/20250916_193130-1549x2048.jpg 1549w, https:\/\/elizabethpeladeau.com\/wp-content\/uploads\/2025\/07\/20250916_193130-9x12.jpg 9w, https:\/\/elizabethpeladeau.com\/wp-content\/uploads\/2025\/07\/20250916_193130-1134x1500.jpg 1134w, https:\/\/elizabethpeladeau.com\/wp-content\/uploads\/2025\/07\/20250916_193130-533x705.jpg 533w, https:\/\/elizabethpeladeau.com\/wp-content\/uploads\/2025\/07\/20250916_193130-450x595.jpg 450w, https:\/\/elizabethpeladeau.com\/wp-content\/uploads\/2025\/07\/20250916_193130-scaled.jpg 1936w\" sizes=\"auto, (max-width: 779px) 100vw, 779px\" \/><\/a><\/div><\/div><div class=\"entry-content\"  itemprop=\"text\" ><p>Where head meets heart &amp; purpose begins Real me, ADHD &amp; authenticity &nbsp; \u00a0 Childhood Fire When I was a kid, I had fire in me. I loved learning, I was very curious. \u00a0At my small neighborhood school, teachers were sweet and the corridors were full of kid\u2019s drawings.\u00a0 It almost felt like a second [&hellip;]<\/p>\n<div class=\"read-more-link\"><a href=\"https:\/\/elizabethpeladeau.com\/fr\/reconnect-realign-rise-my-story\/\" class=\"more-link\">Read more<span class=\"more-link-arrow\"><\/span><\/a><\/div>\n<\/div><span class='post-meta-infos'><time class='date-container minor-meta updated' >septembre 25, 2025<\/time><span class='text-sep text-sep-date'>\/<\/span><span class='comment-container minor-meta'><a href=\"https:\/\/elizabethpeladeau.com\/fr\/reconnect-realign-rise-my-story\/#respond\" class=\"comments-link\" >0 Comments<\/a><\/span><span class='text-sep text-sep-comment'>\/<\/span><span class=\"blog-author minor-meta\">by <span class=\"entry-author-link\" ><span class=\"vcard author\"><span class=\"fn\"><a href=\"https:\/\/elizabethpeladeau.com\/fr\/author\/admin\/\" title=\"Articles par admin\" rel=\"author\">admin<\/a><\/span><\/span><\/span><\/span><\/span><\/header><footer class=\"entry-footer\"><\/footer><div class='post_delimiter'><\/div><\/div><div class='post_author_timeline'><\/div><span class='hidden'>\n\t\t\t<span class='av-structured-data'  itemscope=\"itemscope\" itemtype=\"https:\/\/schema.org\/ImageObject\"  itemprop='image'>\n\t\t\t\t\t   <span itemprop='url' >https:\/\/elizabethpeladeau.com\/wp-content\/uploads\/2025\/07\/20250916_193130-scaled.jpg<\/span>\n\t\t\t\t\t   <span itemprop='height' >2560<\/span>\n\t\t\t\t\t   <span itemprop='width' >1936<\/span>\n\t\t\t\t  <\/span><span class='av-structured-data'  itemprop=\"publisher\" itemtype=\"https:\/\/schema.org\/Organization\" itemscope=\"itemscope\" >\n\t\t\t\t<span itemprop='name'>admin<\/span>\n\t\t\t\t<span itemprop='logo' itemscope itemtype='http:\/\/schema.org\/ImageObject'>\n\t\t\t\t   <span itemprop='url'>https:\/\/elizabethpeladeau.com\/wp-content\/uploads\/2025\/07\/black-ez-300x122.png<\/span>\n\t\t\t\t <\/span>\n\t\t\t  <\/span><span class='av-structured-data'  itemprop=\"author\" itemscope=\"itemscope\" itemtype=\"https:\/\/schema.org\/Person\" ><span itemprop='name'>admin<\/span><\/span><span class='av-structured-data'  itemprop=\"datePublished\" datetime=\"2025-09-25T16:01:20+00:00\" >2025-09-25 16:01:20<\/span><span class='av-structured-data'  itemprop=\"dateModified\" itemtype=\"https:\/\/schema.org\/dateModified\" >2026-04-14 21:07:20<\/span><span class='av-structured-data'  itemprop=\"mainEntityOfPage\" itemtype=\"https:\/\/schema.org\/mainEntityOfPage\" ><span itemprop='name'>Real me, ADHD & authenticity \u2014 My Story<\/span><\/span><\/span><\/article><div class='single-big'><\/div><\/div><\/div><div class=\"flex_column av_one_fourth  flex_column_div av-zero-column-padding   \" style='border-radius:0px; '><div class='avia-builder-widget-area clearfix '><section id=\"categories-3\" class=\"widget clearfix widget_categories\"><h3 class=\"widgettitle\">Cat\u00e9gories<\/h3>\n\t\t\t<ul>\n\t\t\t\t\t<li class=\"cat-item cat-item-1568\"><a href=\"https:\/\/elizabethpeladeau.com\/fr\/category\/authenticity\/\">Authenticity<\/a>\n<\/li>\n\t<li class=\"cat-item cat-item-1569\"><a href=\"https:\/\/elizabethpeladeau.com\/fr\/category\/mindset\/\">Mindset<\/a>\n<\/li>\n\t<li class=\"cat-item cat-item-1566\"><a href=\"https:\/\/elizabethpeladeau.com\/fr\/category\/personal-growth\/\">Personal Growth<\/a>\n<\/li>\n\t\t\t<\/ul>\n\n\t\t\t<span class=\"seperator extralight-border\"><\/span><\/section><section id=\"avia_fb_likebox-2\" class=\"widget clearfix avia_fb_likebox\"><div class='av_facebook_widget_wrap ' ><div class=\"fb-page\" data-width=\"500\" data-href=\"https:\/\/www.facebook.com\/lionzest\/\" data-small-header=\"false\" data-adapt-container-width=\"true\" data-hide-cover=\"false\" data-show-facepile=\"true\" data-show-posts=\"false\"><div class=\"fb-xfbml-parse-ignore\"><\/div><\/div><\/div><span class=\"seperator extralight-border\"><\/span><\/section><\/div><\/div><\/div><\/div><\/div><!-- close content main div --><\/div><\/div><div id='after_section_1' class='main_color av_default_container_wrap container_wrap sidebar_right'   ><div class='container' ><div class='template-page content  av-content-small alpha units'><div class='post-entry post-entry-type-page post-entry-259'><div class='entry-content-wrapper clearfix'>\n","protected":false},"excerpt":{"rendered":"","protected":false},"author":1,"featured_media":0,"parent":0,"menu_order":0,"comment_status":"closed","ping_status":"closed","template":"","meta":{"footnotes":""},"class_list":["post-259","page","type-page","status-publish","hentry"],"yoast_head":"<!-- This site is optimized with the Yoast SEO plugin v27.4 - https:\/\/yoast.com\/product\/yoast-seo-wordpress\/ -->\n<title>Blog | Elizabeth Peladeau<\/title>\n<meta name=\"robots\" content=\"index, follow, max-snippet:-1, max-image-preview:large, max-video-preview:-1\" \/>\n<link rel=\"canonical\" href=\"https:\/\/elizabethpeladeau.com\/fr\/blog\/\" \/>\n<meta property=\"og:locale\" content=\"fr_CA\" \/>\n<meta property=\"og:type\" content=\"article\" \/>\n<meta property=\"og:title\" content=\"Blog | Elizabeth Peladeau\" \/>\n<meta property=\"og:url\" content=\"https:\/\/elizabethpeladeau.com\/fr\/blog\/\" \/>\n<meta property=\"og:site_name\" content=\"Elizabeth Peladeau\" \/>\n<meta property=\"article:publisher\" content=\"https:\/\/www.facebook.com\/lionzest\/\" \/>\n<meta property=\"article:modified_time\" content=\"2026-03-27T14:40:50+00:00\" \/>\n<meta property=\"og:image\" content=\"http:\/\/a3o.265.mytemp.website\/wp-content\/uploads\/2016\/05\/qqw.jpg\" \/>\n<meta name=\"twitter:card\" content=\"summary_large_image\" \/>\n<meta name=\"twitter:site\" content=\"@zabette\" \/>\n<meta name=\"twitter:label1\" content=\"Estimation du temps de lecture\" \/>\n\t<meta name=\"twitter:data1\" content=\"1 minute\" \/>\n<script type=\"application\/ld+json\" class=\"yoast-schema-graph\">{\"@context\":\"https:\\\/\\\/schema.org\",\"@graph\":[{\"@type\":\"WebPage\",\"@id\":\"https:\\\/\\\/elizabethpeladeau.com\\\/blog\\\/\",\"url\":\"https:\\\/\\\/elizabethpeladeau.com\\\/blog\\\/\",\"name\":\"Blog | Elizabeth Peladeau\",\"isPartOf\":{\"@id\":\"https:\\\/\\\/elizabethpeladeau.com\\\/#website\"},\"datePublished\":\"2016-05-23T10:32:02+00:00\",\"dateModified\":\"2026-03-27T14:40:50+00:00\",\"breadcrumb\":{\"@id\":\"https:\\\/\\\/elizabethpeladeau.com\\\/blog\\\/#breadcrumb\"},\"inLanguage\":\"fr-CA\",\"potentialAction\":[{\"@type\":\"ReadAction\",\"target\":[\"https:\\\/\\\/elizabethpeladeau.com\\\/blog\\\/\"]}]},{\"@type\":\"BreadcrumbList\",\"@id\":\"https:\\\/\\\/elizabethpeladeau.com\\\/blog\\\/#breadcrumb\",\"itemListElement\":[{\"@type\":\"ListItem\",\"position\":1,\"name\":\"Home\",\"item\":\"https:\\\/\\\/elizabethpeladeau.com\\\/welcome\\\/\"},{\"@type\":\"ListItem\",\"position\":2,\"name\":\"Blog\"}]},{\"@type\":\"WebSite\",\"@id\":\"https:\\\/\\\/elizabethpeladeau.com\\\/#website\",\"url\":\"https:\\\/\\\/elizabethpeladeau.com\\\/\",\"name\":\"Elizabeth Peladeau\",\"description\":\"Reconnect, Realign &amp; Rise\",\"potentialAction\":[{\"@type\":\"SearchAction\",\"target\":{\"@type\":\"EntryPoint\",\"urlTemplate\":\"https:\\\/\\\/elizabethpeladeau.com\\\/?s={search_term_string}\"},\"query-input\":{\"@type\":\"PropertyValueSpecification\",\"valueRequired\":true,\"valueName\":\"search_term_string\"}}],\"inLanguage\":\"fr-CA\"}]}<\/script>\n<!-- \/ Yoast SEO plugin. -->","yoast_head_json":{"title":"Blog | Elizabeth Peladeau","robots":{"index":"index","follow":"follow","max-snippet":"max-snippet:-1","max-image-preview":"max-image-preview:large","max-video-preview":"max-video-preview:-1"},"canonical":"https:\/\/elizabethpeladeau.com\/fr\/blog\/","og_locale":"fr_CA","og_type":"article","og_title":"Blog | Elizabeth Peladeau","og_url":"https:\/\/elizabethpeladeau.com\/fr\/blog\/","og_site_name":"Elizabeth Peladeau","article_publisher":"https:\/\/www.facebook.com\/lionzest\/","article_modified_time":"2026-03-27T14:40:50+00:00","og_image":[{"url":"http:\/\/a3o.265.mytemp.website\/wp-content\/uploads\/2016\/05\/qqw.jpg","type":"","width":"","height":""}],"twitter_card":"summary_large_image","twitter_site":"@zabette","twitter_misc":{"Estimation du temps de lecture":"1 minute"},"schema":{"@context":"https:\/\/schema.org","@graph":[{"@type":"WebPage","@id":"https:\/\/elizabethpeladeau.com\/blog\/","url":"https:\/\/elizabethpeladeau.com\/blog\/","name":"Blog | Elizabeth Peladeau","isPartOf":{"@id":"https:\/\/elizabethpeladeau.com\/#website"},"datePublished":"2016-05-23T10:32:02+00:00","dateModified":"2026-03-27T14:40:50+00:00","breadcrumb":{"@id":"https:\/\/elizabethpeladeau.com\/blog\/#breadcrumb"},"inLanguage":"fr-CA","potentialAction":[{"@type":"ReadAction","target":["https:\/\/elizabethpeladeau.com\/blog\/"]}]},{"@type":"BreadcrumbList","@id":"https:\/\/elizabethpeladeau.com\/blog\/#breadcrumb","itemListElement":[{"@type":"ListItem","position":1,"name":"Home","item":"https:\/\/elizabethpeladeau.com\/welcome\/"},{"@type":"ListItem","position":2,"name":"Blog"}]},{"@type":"WebSite","@id":"https:\/\/elizabethpeladeau.com\/#website","url":"https:\/\/elizabethpeladeau.com\/","name":"\u00c9lisabeth P\u00e9ladeau","description":"Se reconnecter, se r\u00e9aligner et s&#039;\u00e9lever","potentialAction":[{"@type":"SearchAction","target":{"@type":"EntryPoint","urlTemplate":"https:\/\/elizabethpeladeau.com\/?s={search_term_string}"},"query-input":{"@type":"PropertyValueSpecification","valueRequired":true,"valueName":"search_term_string"}}],"inLanguage":"fr-CA"}]}},"_links":{"self":[{"href":"https:\/\/elizabethpeladeau.com\/fr\/wp-json\/wp\/v2\/pages\/259","targetHints":{"allow":["GET"]}}],"collection":[{"href":"https:\/\/elizabethpeladeau.com\/fr\/wp-json\/wp\/v2\/pages"}],"about":[{"href":"https:\/\/elizabethpeladeau.com\/fr\/wp-json\/wp\/v2\/types\/page"}],"author":[{"embeddable":true,"href":"https:\/\/elizabethpeladeau.com\/fr\/wp-json\/wp\/v2\/users\/1"}],"replies":[{"embeddable":true,"href":"https:\/\/elizabethpeladeau.com\/fr\/wp-json\/wp\/v2\/comments?post=259"}],"version-history":[{"count":8,"href":"https:\/\/elizabethpeladeau.com\/fr\/wp-json\/wp\/v2\/pages\/259\/revisions"}],"predecessor-version":[{"id":2306,"href":"https:\/\/elizabethpeladeau.com\/fr\/wp-json\/wp\/v2\/pages\/259\/revisions\/2306"}],"wp:attachment":[{"href":"https:\/\/elizabethpeladeau.com\/fr\/wp-json\/wp\/v2\/media?parent=259"}],"curies":[{"name":"wp","href":"https:\/\/api.w.org\/{rel}","templated":true}]}}