{"id":257,"date":"2016-05-23T10:30:48","date_gmt":"2016-05-23T10:30:48","guid":{"rendered":"http:\/\/test.kriesi.at\/enfold-health-coach\/?page_id=257"},"modified":"2026-03-20T17:17:06","modified_gmt":"2026-03-20T17:17:06","slug":"services","status":"publish","type":"page","link":"https:\/\/elizabethpeladeau.com\/fr\/services\/","title":{"rendered":"Services"},"content":{"rendered":"<\/div><\/div><\/div><!-- close content main div --><\/div><\/div><div id='av-layout-grid-1' class='av-layout-grid-container entry-content-wrapper main_color av-flex-cells    container_wrap sidebar_right'   >\n<div class=\"flex_cell no_margin av_one_half   avia-full-stretch av-zero-padding\" style='background-image:url(https:\/\/elizabethpeladeau.com\/wp-content\/uploads\/2026\/03\/IMG_2643-1-scaled.jpg); background-position:bottom center; background-repeat:no-repeat; background-attachment:scroll; vertical-align:middle; padding:0px; '><div class='flex_cell_inner' ><\/div><\/div><div class=\"flex_cell no_margin av_one_half\" style='vertical-align:middle; padding:100px; background-color:#f7f7f7; '><div class='flex_cell_inner' ><p><div style='padding-bottom:20px;font-size:50px;' class='av-special-heading av-special-heading-h1  blockquote modern-quote   av-inherit-size'><h1 class='av-special-heading-tag translation-block'  itemprop=\"headline\"  ><b>Ce<\/b> que je fais<\/h1><div class ='av-subheading av-subheading_below' style='font-size:15px;'><p>Mon r\u00f4le est de vous aider \u00e0 voir ce qui est possible, \u00e0 simplifier ce qui vous para\u00eet compliqu\u00e9 et \u00e0 vous soutenir dans la mise en \u0153uvre d&#039;actions significatives et durables.<\/p>\n<\/div><div class='special-heading-border'><div class='special-heading-inner-border' ><\/div><\/div><\/div><br \/>\n<div  class='hr hr-default'><span class='hr-inner' ><span class='hr-inner-style'><\/span><\/span><\/div><br \/>\n<div style='padding-bottom:20px;font-size:50px;' class='av-special-heading av-special-heading-h1  blockquote modern-quote   av-inherit-size'><h1 class='av-special-heading-tag'  itemprop=\"headline\"  >Reconnectez. Rayonnez Comment?<\/h1><div class='special-heading-border'><div class='special-heading-inner-border' ><\/div><\/div><\/div><br \/>\n<div class='avia-icon-list-container'><ul class='avia-icon-list avia-icon-list-left av-iconlist-big avia_animate_when_almost_visible'>\n<li><div  style='background-color:#f03b94; ' class='iconlist_icon  avia-font-entypo-fontello'><span class='iconlist-char' aria-hidden='true' data-av_icon='\ue864' data-av_iconfont='entypo-fontello'><\/span><\/div><article class=\"article-icon-entry\"  itemscope=\"itemscope\" itemtype=\"https:\/\/schema.org\/CreativeWork\" ><div class='iconlist_content_wrap'><header class=\"entry-content-header\"><h4 class='av_iconlist_title iconlist_title'  itemprop=\"headline\"  >Nouvelles perspectives<\/h4><\/header><div class='iconlist_content'  itemprop=\"text\"  ><p><span style=\"font-weight: 400;\">Changez votre fa\u00e7on de percevoir votre TDAH, en passant de \u201c qu&#039;est-ce qui ne va pas chez moi ? \u201d \u00e0 \u201c voici comment fonctionne mon cerveau \u201d.\u201d<\/span><\/p>\n<\/div><\/div><footer class=\"entry-footer\"><\/footer><\/article><div class='iconlist-timeline'><\/div><\/li>\n<li><div  style='background-color:#f03b94; ' class='iconlist_icon  avia-font-entypo-fontello'><span class='iconlist-char' aria-hidden='true' data-av_icon='\ue803' data-av_iconfont='entypo-fontello'><\/span><\/div><article class=\"article-icon-entry\"  itemscope=\"itemscope\" itemtype=\"https:\/\/schema.org\/CreativeWork\" ><div class='iconlist_content_wrap'><header class=\"entry-content-header\"><h4 class='av_iconlist_title iconlist_title'  itemprop=\"headline\"  >Clart\u00e9<\/h4><\/header><div class='iconlist_content'  itemprop=\"text\"  ><p><span style=\"font-weight: 400;\">Comprenez ce que vous voulez vraiment, ce qui compte et ce qui vous freine.<\/span><\/p>\n<\/div><\/div><footer class=\"entry-footer\"><\/footer><\/article><div class='iconlist-timeline'><\/div><\/li>\n<li><div  style='background-color:#f03b94; ' class='iconlist_icon  avia-font-entypo-fontello'><span class='iconlist-char' aria-hidden='true' data-av_icon='\ue841' data-av_iconfont='entypo-fontello'><\/span><\/div><article class=\"article-icon-entry\"  itemscope=\"itemscope\" itemtype=\"https:\/\/schema.org\/CreativeWork\" ><div class='iconlist_content_wrap'><header class=\"entry-content-header\"><h4 class='av_iconlist_title iconlist_title'  itemprop=\"headline\"  >Direction<\/h4><\/header><div class='iconlist_content'  itemprop=\"text\"  ><p><span style=\"font-weight: 400;\">Transformez vos intentions en prochaines \u00e9tapes claires, r\u00e9alisables et coh\u00e9rentes.<\/span><\/p>\n<\/div><\/div><footer class=\"entry-footer\"><\/footer><\/article><div class='iconlist-timeline'><\/div><\/li>\n<li><div  style='background-color:#f03b94; ' class='iconlist_icon  avia-font-entypo-fontello'><span class='iconlist-char' aria-hidden='true' data-av_icon='\ue80b' data-av_iconfont='entypo-fontello'><\/span><\/div><article class=\"article-icon-entry\"  itemscope=\"itemscope\" itemtype=\"https:\/\/schema.org\/CreativeWork\" ><div class='iconlist_content_wrap'><header class=\"entry-content-header\"><h4 class='av_iconlist_title iconlist_title'  itemprop=\"headline\"  >Responsabilit\u00e9<\/h4><\/header><div class='iconlist_content'  itemprop=\"text\"  ><p><span style=\"font-weight: 400;\">Restez soutenu(e), constant(e) et connect\u00e9(e) \u00e0 vos objectifs, sans honte ni pression.<\/span><\/p>\n<\/div><\/div><footer class=\"entry-footer\"><\/footer><\/article><div class='iconlist-timeline'><\/div><\/li>\n<li><div  style='background-color:#f03b94; ' class='iconlist_icon  avia-font-entypo-fontello'><span class='iconlist-char' aria-hidden='true' data-av_icon='\ue8c5' data-av_iconfont='entypo-fontello'><\/span><\/div><article class=\"article-icon-entry\"  itemscope=\"itemscope\" itemtype=\"https:\/\/schema.org\/CreativeWork\" ><div class='iconlist_content_wrap'><header class=\"entry-content-header\"><h4 class='av_iconlist_title iconlist_title'  itemprop=\"headline\"  >R\u00e9gulation \u00e9motionnelle<\/h4><\/header><div class='iconlist_content'  itemprop=\"text\"  ><p><span style=\"font-weight: 400;\">Apprenez des outils pour g\u00e9rer l&#039;intensit\u00e9, le sentiment d&#039;\u00eatre submerg\u00e9 et les pens\u00e9es qui s&#039;emballent.<\/span><\/p>\n<\/div><\/div><footer class=\"entry-footer\"><\/footer><\/article><div class='iconlist-timeline'><\/div><\/li>\n<li><div  style='background-color:#f03b94; ' class='iconlist_icon  avia-font-entypo-fontello'><span class='iconlist-char' aria-hidden='true' data-av_icon='\ue80a' data-av_iconfont='entypo-fontello'><\/span><\/div><article class=\"article-icon-entry\"  itemscope=\"itemscope\" itemtype=\"https:\/\/schema.org\/CreativeWork\" ><div class='iconlist_content_wrap'><header class=\"entry-content-header\"><h4 class='av_iconlist_title iconlist_title'  itemprop=\"headline\"  >Soutien aux fonctions ex\u00e9cutives<\/h4><\/header><div class='iconlist_content'  itemprop=\"text\"  ><p><span style=\"font-weight: 400;\">Renforcer la planification, la priorisation, la gestion du temps et le suivi de mani\u00e8re adapt\u00e9e <\/span><i><span style=\"font-weight: 400;\">ton<\/span><\/i><span style=\"font-weight: 400;\"> cerveau.<\/span><\/p>\n<\/div><\/div><footer class=\"entry-footer\"><\/footer><\/article><div class='iconlist-timeline'><\/div><\/li>\n<li><div  style='background-color:#f03b94; ' class='iconlist_icon  avia-font-entypo-fontello'><span class='iconlist-char' aria-hidden='true' data-av_icon='\ue8a8' data-av_iconfont='entypo-fontello'><\/span><\/div><article class=\"article-icon-entry\"  itemscope=\"itemscope\" itemtype=\"https:\/\/schema.org\/CreativeWork\" ><div class='iconlist_content_wrap'><header class=\"entry-content-header\"><h4 class='av_iconlist_title iconlist_title'  itemprop=\"headline\"  >Renforcement de la confiance <\/h4><\/header><div class='iconlist_content'  itemprop=\"text\"  ><p>Renouez avec vos forces, votre cr\u00e9ativit\u00e9 et votre voix.<\/p>\n<\/div><\/div><footer class=\"entry-footer\"><\/footer><\/article><div class='iconlist-timeline'><\/div><\/li>\n<li><div  style='background-color:#f03b94; ' class='iconlist_icon  avia-font-entypo-fontello'><span class='iconlist-char' aria-hidden='true' data-av_icon='\ue866' data-av_iconfont='entypo-fontello'><\/span><\/div><article class=\"article-icon-entry\"  itemscope=\"itemscope\" itemtype=\"https:\/\/schema.org\/CreativeWork\" ><div class='iconlist_content_wrap'><header class=\"entry-content-header\"><h4 class='av_iconlist_title iconlist_title'  itemprop=\"headline\"  >R\u00e9duction du stress<\/h4><\/header><div class='iconlist_content'  itemprop=\"text\"  ><p><span style=\"font-weight: 400;\">Cr\u00e9ez des syst\u00e8mes qui r\u00e9duisent le chaos, apaisent votre syst\u00e8me nerveux et apportent plus de s\u00e9r\u00e9nit\u00e9 \u00e0 vos journ\u00e9es.<\/span><\/p>\n<\/div><\/div><footer class=\"entry-footer\"><\/footer><\/article><div class='iconlist-timeline'><\/div><\/li>\n<\/ul><\/div><br \/>\n<section class=\"av_textblock_section\"  itemscope=\"itemscope\" itemtype=\"https:\/\/schema.org\/CreativeWork\" ><div class='avia_textblock'   itemprop=\"text\" ><p><span style=\"font-weight: 400;\">Je suis votre partenaire dans ce processus, stable et encourageante, et je suis l\u00e0 pour vous aider \u00e0 surmonter les d\u00e9fis, \u00e0 c\u00e9l\u00e9brer les victoires et \u00e0 construire une vie qui vous semble claire, ancr\u00e9e et authentiquement v\u00f4tre.<\/span><\/p>\n<\/div><\/section><\/p>\n<\/div><\/div><\/div><\/div><\/div><\/div><!-- close content main div --><\/div><\/div><div id='welcome' class='av-layout-grid-container entry-content-wrapper main_color av-fixed-cells    container_wrap sidebar_right'   >\n<div class=\"flex_cell no_margin av_one_fourth   av-zero-padding\" style='height:15px; min-height:15px;vertical-align:top; padding:0px; background-color:#f2b096; '><div class='flex_cell_inner' ><\/div><\/div><div class=\"flex_cell no_margin av_one_fourth   av-zero-padding\" style='height:15px; min-height:15px;vertical-align:top; padding:0px; background-color:#f27d4f; '><div class='flex_cell_inner' ><\/div><\/div><div class=\"flex_cell no_margin av_one_fourth   av-zero-padding\" style='height:15px; min-height:15px;vertical-align:top; padding:0px; background-color:#f15e24; '><div class='flex_cell_inner' ><\/div><\/div><div class=\"flex_cell no_margin av_one_fourth   av-zero-padding\" style='height:15px; min-height:15px;vertical-align:top; padding:0px; background-color:#f28154; '><div class='flex_cell_inner' ><\/div><\/div>\n<\/div><\/p>","protected":false},"excerpt":{"rendered":"","protected":false},"author":1,"featured_media":0,"parent":0,"menu_order":0,"comment_status":"closed","ping_status":"closed","template":"","meta":{"footnotes":""},"class_list":["post-257","page","type-page","status-publish","hentry"],"yoast_head":"<!-- This site is optimized with the Yoast SEO plugin v27.4 - https:\/\/yoast.com\/product\/yoast-seo-wordpress\/ -->\n<title>Services | Elizabeth Peladeau<\/title>\n<meta name=\"robots\" content=\"index, follow, max-snippet:-1, max-image-preview:large, max-video-preview:-1\" \/>\n<link rel=\"canonical\" href=\"https:\/\/elizabethpeladeau.com\/fr\/services\/\" \/>\n<meta property=\"og:locale\" content=\"fr_CA\" \/>\n<meta property=\"og:type\" content=\"article\" \/>\n<meta property=\"og:title\" content=\"Services | Elizabeth Peladeau\" \/>\n<meta property=\"og:url\" content=\"https:\/\/elizabethpeladeau.com\/fr\/services\/\" \/>\n<meta property=\"og:site_name\" content=\"Elizabeth Peladeau\" \/>\n<meta property=\"article:publisher\" content=\"https:\/\/www.facebook.com\/lionzest\/\" \/>\n<meta property=\"article:modified_time\" content=\"2026-03-20T17:17:06+00:00\" \/>\n<meta property=\"og:image\" content=\"http:\/\/a3o.265.mytemp.website\/wp-content\/uploads\/2016\/05\/qqw.jpg\" \/>\n<meta name=\"twitter:card\" content=\"summary_large_image\" \/>\n<meta name=\"twitter:site\" content=\"@zabette\" \/>\n<meta name=\"twitter:label1\" content=\"Estimation du temps de lecture\" \/>\n\t<meta name=\"twitter:data1\" content=\"2 minutes\" \/>\n<script type=\"application\/ld+json\" class=\"yoast-schema-graph\">{\"@context\":\"https:\\\/\\\/schema.org\",\"@graph\":[{\"@type\":\"WebPage\",\"@id\":\"https:\\\/\\\/elizabethpeladeau.com\\\/services\\\/\",\"url\":\"https:\\\/\\\/elizabethpeladeau.com\\\/services\\\/\",\"name\":\"Services | Elizabeth Peladeau\",\"isPartOf\":{\"@id\":\"https:\\\/\\\/elizabethpeladeau.com\\\/#website\"},\"datePublished\":\"2016-05-23T10:30:48+00:00\",\"dateModified\":\"2026-03-20T17:17:06+00:00\",\"breadcrumb\":{\"@id\":\"https:\\\/\\\/elizabethpeladeau.com\\\/services\\\/#breadcrumb\"},\"inLanguage\":\"fr-CA\",\"potentialAction\":[{\"@type\":\"ReadAction\",\"target\":[\"https:\\\/\\\/elizabethpeladeau.com\\\/services\\\/\"]}]},{\"@type\":\"BreadcrumbList\",\"@id\":\"https:\\\/\\\/elizabethpeladeau.com\\\/services\\\/#breadcrumb\",\"itemListElement\":[{\"@type\":\"ListItem\",\"position\":1,\"name\":\"Home\",\"item\":\"https:\\\/\\\/elizabethpeladeau.com\\\/welcome\\\/\"},{\"@type\":\"ListItem\",\"position\":2,\"name\":\"Services\"}]},{\"@type\":\"WebSite\",\"@id\":\"https:\\\/\\\/elizabethpeladeau.com\\\/#website\",\"url\":\"https:\\\/\\\/elizabethpeladeau.com\\\/\",\"name\":\"Elizabeth Peladeau\",\"description\":\"Reconnect, Realign &amp; Rise\",\"potentialAction\":[{\"@type\":\"SearchAction\",\"target\":{\"@type\":\"EntryPoint\",\"urlTemplate\":\"https:\\\/\\\/elizabethpeladeau.com\\\/?s={search_term_string}\"},\"query-input\":{\"@type\":\"PropertyValueSpecification\",\"valueRequired\":true,\"valueName\":\"search_term_string\"}}],\"inLanguage\":\"fr-CA\"}]}<\/script>\n<!-- \/ Yoast SEO plugin. -->","yoast_head_json":{"title":"Services | Elizabeth Peladeau","robots":{"index":"index","follow":"follow","max-snippet":"max-snippet:-1","max-image-preview":"max-image-preview:large","max-video-preview":"max-video-preview:-1"},"canonical":"https:\/\/elizabethpeladeau.com\/fr\/services\/","og_locale":"fr_CA","og_type":"article","og_title":"Services | Elizabeth Peladeau","og_url":"https:\/\/elizabethpeladeau.com\/fr\/services\/","og_site_name":"Elizabeth Peladeau","article_publisher":"https:\/\/www.facebook.com\/lionzest\/","article_modified_time":"2026-03-20T17:17:06+00:00","og_image":[{"url":"http:\/\/a3o.265.mytemp.website\/wp-content\/uploads\/2016\/05\/qqw.jpg","type":"","width":"","height":""}],"twitter_card":"summary_large_image","twitter_site":"@zabette","twitter_misc":{"Estimation du temps de lecture":"2 minutes"},"schema":{"@context":"https:\/\/schema.org","@graph":[{"@type":"WebPage","@id":"https:\/\/elizabethpeladeau.com\/services\/","url":"https:\/\/elizabethpeladeau.com\/services\/","name":"Services | Elizabeth Peladeau","isPartOf":{"@id":"https:\/\/elizabethpeladeau.com\/#website"},"datePublished":"2016-05-23T10:30:48+00:00","dateModified":"2026-03-20T17:17:06+00:00","breadcrumb":{"@id":"https:\/\/elizabethpeladeau.com\/services\/#breadcrumb"},"inLanguage":"fr-CA","potentialAction":[{"@type":"ReadAction","target":["https:\/\/elizabethpeladeau.com\/services\/"]}]},{"@type":"BreadcrumbList","@id":"https:\/\/elizabethpeladeau.com\/services\/#breadcrumb","itemListElement":[{"@type":"ListItem","position":1,"name":"Home","item":"https:\/\/elizabethpeladeau.com\/welcome\/"},{"@type":"ListItem","position":2,"name":"Services"}]},{"@type":"WebSite","@id":"https:\/\/elizabethpeladeau.com\/#website","url":"https:\/\/elizabethpeladeau.com\/","name":"\u00c9lisabeth P\u00e9ladeau","description":"Se reconnecter, se r\u00e9aligner et s&#039;\u00e9lever","potentialAction":[{"@type":"SearchAction","target":{"@type":"EntryPoint","urlTemplate":"https:\/\/elizabethpeladeau.com\/?s={search_term_string}"},"query-input":{"@type":"PropertyValueSpecification","valueRequired":true,"valueName":"search_term_string"}}],"inLanguage":"fr-CA"}]}},"_links":{"self":[{"href":"https:\/\/elizabethpeladeau.com\/fr\/wp-json\/wp\/v2\/pages\/257","targetHints":{"allow":["GET"]}}],"collection":[{"href":"https:\/\/elizabethpeladeau.com\/fr\/wp-json\/wp\/v2\/pages"}],"about":[{"href":"https:\/\/elizabethpeladeau.com\/fr\/wp-json\/wp\/v2\/types\/page"}],"author":[{"embeddable":true,"href":"https:\/\/elizabethpeladeau.com\/fr\/wp-json\/wp\/v2\/users\/1"}],"replies":[{"embeddable":true,"href":"https:\/\/elizabethpeladeau.com\/fr\/wp-json\/wp\/v2\/comments?post=257"}],"version-history":[{"count":61,"href":"https:\/\/elizabethpeladeau.com\/fr\/wp-json\/wp\/v2\/pages\/257\/revisions"}],"predecessor-version":[{"id":2214,"href":"https:\/\/elizabethpeladeau.com\/fr\/wp-json\/wp\/v2\/pages\/257\/revisions\/2214"}],"wp:attachment":[{"href":"https:\/\/elizabethpeladeau.com\/fr\/wp-json\/wp\/v2\/media?parent=257"}],"curies":[{"name":"wp","href":"https:\/\/api.w.org\/{rel}","templated":true}]}}