{"id":253,"date":"2016-05-23T10:30:12","date_gmt":"2016-05-23T10:30:12","guid":{"rendered":"http:\/\/test.kriesi.at\/enfold-health-coach\/?page_id=253"},"modified":"2026-04-13T19:15:26","modified_gmt":"2026-04-13T19:15:26","slug":"about","status":"publish","type":"page","link":"https:\/\/elizabethpeladeau.com\/fr\/about\/","title":{"rendered":"\u00c0 propos"},"content":{"rendered":"<\/div><\/div><\/div><!-- close content main div --><\/div><\/div><div id='hello' class='av-layout-grid-container entry-content-wrapper main_color av-flex-cells    container_wrap sidebar_right'   >\n<div class=\"flex_cell no_margin av_one_half\" style='vertical-align:top; padding:50px 100px 100px 100px ; '><div class='flex_cell_inner' ><p><div style='padding-bottom:30px;font-size:55px;' class='av-special-heading av-special-heading-h1  blockquote modern-quote   av-inherit-size'><h1 class='av-special-heading-tag'  itemprop=\"headline\"  >\u00c0 propos<b> Moi<\/b><\/h1><div class='special-heading-border'><div class='special-heading-inner-border' ><\/div><\/div><\/div><br \/>\n<section class=\"av_textblock_section\"  itemscope=\"itemscope\" itemtype=\"https:\/\/schema.org\/CreativeWork\" ><div class='avia_textblock'   itemprop=\"text\" ><p><span style=\"font-weight: 400;\">Je suis Elizabeth, coach certifi\u00e9e en TDAH, coach de vie et ancienne sp\u00e9cialiste en communication. Pendant plus de 20 ans, j&#039;ai aid\u00e9 des personnes \u00e0 briller devant la cam\u00e9ra. Aujourd&#039;hui, je les aide \u00e0 s&#039;\u00e9panouir dans leur vie personnelle.<\/span><\/p>\n<p><span style=\"font-weight: 400;\">Pendant vingt ans, j&#039;ai accompagn\u00e9 des entrepreneurs et des professionnels lors d&#039;interviews, d&#039;apparitions m\u00e9diatiques et de prises de parole en public. J&#039;\u00e9tais reconnue pour ma capacit\u00e9 \u00e0 comprendre les gens en profondeur, \u00e0 saisir leur essence et \u00e0 les aider \u00e0 s&#039;exprimer avec clart\u00e9 et assurance.<\/span><\/p>\n<\/div><\/section><br \/>\n<div class='avia-icon-list-container'><ul class='avia-icon-list avia-icon-list-left av-iconlist-big avia_animate_when_almost_visible'>\n<li><div  style='background-color:#ef3b93; ' class='iconlist_icon  avia-font-entypo-fontello'><span class='iconlist-char' aria-hidden='true' data-av_icon='\ue808' data-av_iconfont='entypo-fontello'><\/span><\/div><article class=\"article-icon-entry av-iconlist-empty\"  itemscope=\"itemscope\" itemtype=\"https:\/\/schema.org\/CreativeWork\" ><div class='iconlist_content_wrap'><header class=\"entry-content-header\"><h4 class='av_iconlist_title iconlist_title'  itemprop=\"headline\"   style='font-size:17px; '>Je n&#039;aide plus les gens \u00e0 performer.<\/h4><\/header><div class='iconlist_content'  itemprop=\"text\"  ><\/div><\/div><footer class=\"entry-footer\"><\/footer><\/article><div class='iconlist-timeline'><\/div><\/li>\n<li><div  style='background-color:#ef3b93; ' class='iconlist_icon  avia-font-entypo-fontello'><span class='iconlist-char' aria-hidden='true' data-av_icon='\ue806' data-av_iconfont='entypo-fontello'><\/span><\/div><article class=\"article-icon-entry av-iconlist-empty\"  itemscope=\"itemscope\" itemtype=\"https:\/\/schema.org\/CreativeWork\" ><div class='iconlist_content_wrap'><header class=\"entry-content-header\"><h4 class='av_iconlist_title iconlist_title'  itemprop=\"headline\"   style='font-size:17px; '>Je les aide \u00e0 s&#039;\u00e9lever.<\/h4><\/header><div class='iconlist_content'  itemprop=\"text\"  ><\/div><\/div><footer class=\"entry-footer\"><\/footer><\/article><div class='iconlist-timeline'><\/div><\/li>\n<\/ul><\/div><br \/>\n<section class=\"av_textblock_section\"  itemscope=\"itemscope\" itemtype=\"https:\/\/schema.org\/CreativeWork\" ><div class='avia_textblock'   itemprop=\"text\" ><p><span style=\"font-weight: 400;\">J&#039;utilise une combinaison des comp\u00e9tences qui ont fa\u00e7onn\u00e9 le d\u00e9but de ma carri\u00e8re et des outils sp\u00e9cialis\u00e9s que j&#039;ai d\u00e9velopp\u00e9s gr\u00e2ce \u00e0 mon travail aupr\u00e8s de personnes atteintes de TDAH. J&#039;aide les gens \u00e0 mieux se comprendre, puis \u00e0 s&#039;\u00e9panouir pleinement. Mon travail consiste \u00e0 r\u00e9v\u00e9ler leur potentiel et \u00e0 les accompagner vers la meilleure version d&#039;eux-m\u00eames.<\/span><\/p>\n<\/div><\/section><\/p>\n<\/div><\/div><div class=\"flex_cell no_margin av_one_half   avia-full-stretch\" style='background-image:url(https:\/\/elizabethpeladeau.com\/wp-content\/uploads\/2025\/07\/Untitled-143.jpg); background-position:top center; background-repeat:no-repeat; background-attachment:scroll; vertical-align:top; padding:100px; background-color:#719430; '><div class='flex_cell_inner' ><\/div><\/div><\/div><\/div><\/div><\/div><!-- close content main div --><\/div><\/div><div id='av-layout-grid-2' class='av-layout-grid-container entry-content-wrapper main_color av-flex-cells   av-small-hide av-mini-hide  container_wrap sidebar_right'   >\n<div class=\"flex_cell no_margin av_one_half   avia-full-stretch av-zero-padding\" style='background-image:url(https:\/\/elizabethpeladeau.com\/wp-content\/uploads\/2025\/05\/EP115-scaled.jpeg); background-position:top center; background-repeat:no-repeat; background-attachment:scroll; vertical-align:middle; padding:0px; '><div class='flex_cell_inner' ><\/div><\/div><div class=\"flex_cell no_margin av_one_half   avia-full-contain\" style='vertical-align:middle; padding:100px; '><div class='flex_cell_inner' ><p><div style='padding-bottom:20px;font-size:55px;' class='av-special-heading av-special-heading-h1  blockquote modern-quote   av-inherit-size'><h1 class='av-special-heading-tag'  itemprop=\"headline\"  ><b>TDAH<\/b> ce n&#039;est pas nouveau pour moi,<br \/>\nC&#039;est le monde dans lequel j&#039;ai grandi.<\/h1><div class='special-heading-border'><div class='special-heading-inner-border' ><\/div><\/div><\/div><br \/>\n<div class='avia-icon-list-container'><ul class='avia-icon-list avia-icon-list-left av-iconlist-big avia_animate_when_almost_visible'>\n<li><div  style='background-color:#ef3b93; ' class='iconlist_icon  avia-font-entypo-fontello'><span class='iconlist-char' aria-hidden='true' data-av_icon='\ue80b' data-av_iconfont='entypo-fontello'><\/span><\/div><article class=\"article-icon-entry\"  itemscope=\"itemscope\" itemtype=\"https:\/\/schema.org\/CreativeWork\" ><div class='iconlist_content_wrap'><header class=\"entry-content-header\"><h4 class='av_iconlist_title iconlist_title'  itemprop=\"headline\"  >\u00c9lev\u00e9 dans une famille de personnes atteintes de TDAH<\/h4><\/header><div class='iconlist_content'  itemprop=\"text\"  ><p><span style=\"font-weight: 400;\">J&#039;ai grandi dans une famille o\u00f9 plusieurs personnes \u00e9taient atteintes de TDAH, baignant dans un climat de cr\u00e9ativit\u00e9, d&#039;intensit\u00e9, de profondeur \u00e9motionnelle et d&#039;id\u00e9es novatrices. Chez moi, la diff\u00e9rence \u00e9tait la norme. J&#039;ai \u00e9t\u00e9 t\u00e9moin, tr\u00e8s t\u00f4t, des talents exceptionnels comme des difficult\u00e9s rencontr\u00e9es, bien avant que le TDAH ne soit un sujet de conversation courant. Cette exp\u00e9rience a fa\u00e7onn\u00e9 ma compassion, mon intuition et ma curiosit\u00e9.<\/span><\/p>\n<\/div><\/div><footer class=\"entry-footer\"><\/footer><\/article><div class='iconlist-timeline'><\/div><\/li>\n<li><div  style='background-color:#ef3b93; ' class='iconlist_icon  avia-font-entypo-fontello'><span class='iconlist-char' aria-hidden='true' data-av_icon='\ue849' data-av_iconfont='entypo-fontello'><\/span><\/div><article class=\"article-icon-entry\"  itemscope=\"itemscope\" itemtype=\"https:\/\/schema.org\/CreativeWork\" ><div class='iconlist_content_wrap'><header class=\"entry-content-header\"><h4 class='av_iconlist_title iconlist_title'  itemprop=\"headline\"  >Finalement, cela s&#039;est transform\u00e9 en formation formelle.<\/h4><\/header><div class='iconlist_content'  itemprop=\"text\"  ><p><span style=\"font-weight: 400;\">J&#039;ai obtenu ma certification de coach TDAH aupr\u00e8s de la coach prim\u00e9e Brooke Schnittman (Forbes) et j&#039;ai approfondi mes connaissances en coaching de vie et en psychologie positive, notamment gr\u00e2ce \u00e0 des \u00e9tudes en gestion du bonheur \u00e0 Harvard.<\/span><\/p>\n<\/div><\/div><footer class=\"entry-footer\"><\/footer><\/article><div class='iconlist-timeline'><\/div><\/li>\n<\/ul><\/div><\/p>\n<\/div><\/div>\n<\/div><\/p>\n<\/div><\/div><\/div><!-- close content main div --><\/div><\/div><div id='hello' class='av-layout-grid-container entry-content-wrapper main_color av-flex-cells    container_wrap sidebar_right'   >\n<div class=\"flex_cell no_margin av_one_half\" style='vertical-align:top; padding:100px; '><div class='flex_cell_inner' ><p><div style='padding-bottom:30px;font-size:55px;' class='av-special-heading av-special-heading-h1  blockquote modern-quote   av-inherit-size'><h1 class='av-special-heading-tag'  itemprop=\"headline\"  ><b>Ma<\/b> philosophie<\/h1><div class='special-heading-border'><div class='special-heading-inner-border' ><\/div><\/div><\/div><br \/>\n<div style='height:20px' class='hr hr-invisible'><span class='hr-inner' ><span class='hr-inner-style'><\/span><\/span><\/div><br \/>\n<div class='avia-icon-list-container'><ul class='avia-icon-list avia-icon-list-left av-iconlist-big avia_animate_when_almost_visible'>\n<li><div  style='background-color:#ef3b93; ' class='iconlist_icon  avia-font-entypo-fontello'><span class='iconlist-char' aria-hidden='true' data-av_icon='\ue8c2' data-av_iconfont='entypo-fontello'><\/span><\/div><article class=\"article-icon-entry\"  itemscope=\"itemscope\" itemtype=\"https:\/\/schema.org\/CreativeWork\" ><div class='iconlist_content_wrap'><header class=\"entry-content-header\"><h4 class='av_iconlist_title iconlist_title'  itemprop=\"headline\"  >Le TDAH n&#039;est pas un d\u00e9faut ; c&#039;est une question de c\u00e2blage.<\/h4><\/header><div class='iconlist_content'  itemprop=\"text\"  ><p><span style=\"font-weight: 400;\">Et quand on comprend son propre fonctionnement, tout change.<\/span><\/p>\n<p><span style=\"font-weight: 400;\">Mon approche de coaching est chaleureuse, pragmatique et concr\u00e8te. Mes clients d\u00e9crivent souvent nos s\u00e9ances comme \u00e9clairantes et valorisantes. J&#039;aide les adultes atteints de TDAH \u00e0 se reconnecter \u00e0 leur intuition, \u00e0 comprendre le fonctionnement de leur cerveau et \u00e0 construire une vie en harmonie avec celui-ci.<\/span><\/p>\n<\/div><\/div><footer class=\"entry-footer\"><\/footer><\/article><div class='iconlist-timeline'><\/div><\/li>\n<li><div  style='background-color:#ef3b93; ' class='iconlist_icon  avia-font-entypo-fontello'><span class='iconlist-char' aria-hidden='true' data-av_icon='\ue807' data-av_iconfont='entypo-fontello'><\/span><\/div><article class=\"article-icon-entry\"  itemscope=\"itemscope\" itemtype=\"https:\/\/schema.org\/CreativeWork\" ><div class='iconlist_content_wrap'><header class=\"entry-content-header\"><h4 class='av_iconlist_title iconlist_title'  itemprop=\"headline\"  >Le TDAH apporte cr\u00e9ativit\u00e9, empathie, innovation et profondeur.<\/h4><\/header><div class='iconlist_content'  itemprop=\"text\"  ><p><span style=\"font-weight: 400;\">Avec le soutien et la structure ad\u00e9quats, ces qualit\u00e9s deviennent des atouts plut\u00f4t que des sources de stress.<\/span><\/p>\n<p><span style=\"font-weight: 400;\">Que vous veniez d&#039;\u00eatre diagnostiqu\u00e9, que vous soyez conscient de votre TDAH depuis longtemps ou que vous reconnaissiez simplement des sch\u00e9mas de surcharge, ma mission est de vous offrir clart\u00e9, stabilit\u00e9 et \u00e9lan d&#039;une mani\u00e8re humaine et durable.<\/span><\/p>\n<\/div><\/div><footer class=\"entry-footer\"><\/footer><\/article><div class='iconlist-timeline'><\/div><\/li>\n<\/ul><\/div><br \/>\n<section class=\"av_textblock_section\"  itemscope=\"itemscope\" itemtype=\"https:\/\/schema.org\/CreativeWork\" ><div class='avia_textblock'  style='font-size:22px; '  itemprop=\"text\" ><p class=\"translation-block\"><b>Reconnecter.  <\/b>R\u00e9aligner<b>. <\/b><strong>Rayonner<\/strong><b>.<\/b><\/p>\n<\/div><\/section><\/p>\n<\/div><\/div><div class=\"flex_cell no_margin av_one_half   avia-full-stretch\" style='background-image:url(https:\/\/elizabethpeladeau.com\/wp-content\/uploads\/2025\/05\/EP52-1-scaled.jpeg); background-position:center right; background-repeat:no-repeat; background-attachment:scroll; vertical-align:top; padding:100px; background-color:#719430; '><div class='flex_cell_inner' ><\/div><\/div>\n<\/div>\n<\/div><\/div><\/div><!-- close content main div --><\/div><\/div><div id='welcome' class='av-layout-grid-container entry-content-wrapper main_color av-fixed-cells    container_wrap sidebar_right'   >\n<div class=\"flex_cell no_margin av_one_fourth   av-zero-padding\" style='height:15px; min-height:15px;vertical-align:top; padding:0px; background-color:#f2b096; '><div class='flex_cell_inner' ><\/div><\/div><div class=\"flex_cell no_margin av_one_fourth   av-zero-padding\" style='height:15px; min-height:15px;vertical-align:top; padding:0px; background-color:#f27d4f; '><div class='flex_cell_inner' ><\/div><\/div><div class=\"flex_cell no_margin av_one_fourth   av-zero-padding\" style='height:15px; min-height:15px;vertical-align:top; padding:0px; background-color:#f15e24; '><div class='flex_cell_inner' ><\/div><\/div><div class=\"flex_cell no_margin av_one_fourth   av-zero-padding\" style='height:15px; min-height:15px;vertical-align:top; padding:0px; background-color:#f28154; '><div class='flex_cell_inner' ><\/div><\/div>\n<\/div>","protected":false},"excerpt":{"rendered":"","protected":false},"author":1,"featured_media":0,"parent":0,"menu_order":0,"comment_status":"closed","ping_status":"closed","template":"","meta":{"footnotes":""},"class_list":["post-253","page","type-page","status-publish","hentry"],"yoast_head":"<!-- This site is optimized with the Yoast SEO plugin v27.4 - https:\/\/yoast.com\/product\/yoast-seo-wordpress\/ -->\n<title>About | Elizabeth Peladeau<\/title>\n<meta name=\"robots\" content=\"index, follow, max-snippet:-1, max-image-preview:large, max-video-preview:-1\" \/>\n<link rel=\"canonical\" href=\"https:\/\/elizabethpeladeau.com\/fr\/about\/\" \/>\n<meta property=\"og:locale\" content=\"fr_CA\" \/>\n<meta property=\"og:type\" content=\"article\" \/>\n<meta property=\"og:title\" content=\"About | Elizabeth Peladeau\" \/>\n<meta property=\"og:url\" content=\"https:\/\/elizabethpeladeau.com\/fr\/about\/\" \/>\n<meta property=\"og:site_name\" content=\"Elizabeth Peladeau\" \/>\n<meta property=\"article:publisher\" content=\"https:\/\/www.facebook.com\/lionzest\/\" \/>\n<meta property=\"article:modified_time\" content=\"2026-04-13T19:15:26+00:00\" \/>\n<meta property=\"og:image\" content=\"http:\/\/a3o.265.mytemp.website\/wp-content\/uploads\/2016\/05\/qqw.jpg\" \/>\n<meta name=\"twitter:card\" content=\"summary_large_image\" \/>\n<meta name=\"twitter:site\" content=\"@zabette\" \/>\n<meta name=\"twitter:label1\" content=\"Estimation du temps de lecture\" \/>\n\t<meta name=\"twitter:data1\" content=\"4 minutes\" \/>\n<script type=\"application\/ld+json\" class=\"yoast-schema-graph\">{\"@context\":\"https:\\\/\\\/schema.org\",\"@graph\":[{\"@type\":\"WebPage\",\"@id\":\"https:\\\/\\\/elizabethpeladeau.com\\\/about\\\/\",\"url\":\"https:\\\/\\\/elizabethpeladeau.com\\\/about\\\/\",\"name\":\"About | Elizabeth Peladeau\",\"isPartOf\":{\"@id\":\"https:\\\/\\\/elizabethpeladeau.com\\\/#website\"},\"datePublished\":\"2016-05-23T10:30:12+00:00\",\"dateModified\":\"2026-04-13T19:15:26+00:00\",\"breadcrumb\":{\"@id\":\"https:\\\/\\\/elizabethpeladeau.com\\\/about\\\/#breadcrumb\"},\"inLanguage\":\"fr-CA\",\"potentialAction\":[{\"@type\":\"ReadAction\",\"target\":[\"https:\\\/\\\/elizabethpeladeau.com\\\/about\\\/\"]}]},{\"@type\":\"BreadcrumbList\",\"@id\":\"https:\\\/\\\/elizabethpeladeau.com\\\/about\\\/#breadcrumb\",\"itemListElement\":[{\"@type\":\"ListItem\",\"position\":1,\"name\":\"Home\",\"item\":\"https:\\\/\\\/elizabethpeladeau.com\\\/welcome\\\/\"},{\"@type\":\"ListItem\",\"position\":2,\"name\":\"About\"}]},{\"@type\":\"WebSite\",\"@id\":\"https:\\\/\\\/elizabethpeladeau.com\\\/#website\",\"url\":\"https:\\\/\\\/elizabethpeladeau.com\\\/\",\"name\":\"Elizabeth Peladeau\",\"description\":\"Reconnect, Realign &amp; Rise\",\"potentialAction\":[{\"@type\":\"SearchAction\",\"target\":{\"@type\":\"EntryPoint\",\"urlTemplate\":\"https:\\\/\\\/elizabethpeladeau.com\\\/?s={search_term_string}\"},\"query-input\":{\"@type\":\"PropertyValueSpecification\",\"valueRequired\":true,\"valueName\":\"search_term_string\"}}],\"inLanguage\":\"fr-CA\"}]}<\/script>\n<!-- \/ Yoast SEO plugin. -->","yoast_head_json":{"title":"About | Elizabeth Peladeau","robots":{"index":"index","follow":"follow","max-snippet":"max-snippet:-1","max-image-preview":"max-image-preview:large","max-video-preview":"max-video-preview:-1"},"canonical":"https:\/\/elizabethpeladeau.com\/fr\/about\/","og_locale":"fr_CA","og_type":"article","og_title":"About | Elizabeth Peladeau","og_url":"https:\/\/elizabethpeladeau.com\/fr\/about\/","og_site_name":"Elizabeth Peladeau","article_publisher":"https:\/\/www.facebook.com\/lionzest\/","article_modified_time":"2026-04-13T19:15:26+00:00","og_image":[{"url":"http:\/\/a3o.265.mytemp.website\/wp-content\/uploads\/2016\/05\/qqw.jpg","type":"","width":"","height":""}],"twitter_card":"summary_large_image","twitter_site":"@zabette","twitter_misc":{"Estimation du temps de lecture":"4 minutes"},"schema":{"@context":"https:\/\/schema.org","@graph":[{"@type":"WebPage","@id":"https:\/\/elizabethpeladeau.com\/about\/","url":"https:\/\/elizabethpeladeau.com\/about\/","name":"About | Elizabeth Peladeau","isPartOf":{"@id":"https:\/\/elizabethpeladeau.com\/#website"},"datePublished":"2016-05-23T10:30:12+00:00","dateModified":"2026-04-13T19:15:26+00:00","breadcrumb":{"@id":"https:\/\/elizabethpeladeau.com\/about\/#breadcrumb"},"inLanguage":"fr-CA","potentialAction":[{"@type":"ReadAction","target":["https:\/\/elizabethpeladeau.com\/about\/"]}]},{"@type":"BreadcrumbList","@id":"https:\/\/elizabethpeladeau.com\/about\/#breadcrumb","itemListElement":[{"@type":"ListItem","position":1,"name":"Home","item":"https:\/\/elizabethpeladeau.com\/welcome\/"},{"@type":"ListItem","position":2,"name":"About"}]},{"@type":"WebSite","@id":"https:\/\/elizabethpeladeau.com\/#website","url":"https:\/\/elizabethpeladeau.com\/","name":"\u00c9lisabeth P\u00e9ladeau","description":"Se reconnecter, se r\u00e9aligner et s&#039;\u00e9lever","potentialAction":[{"@type":"SearchAction","target":{"@type":"EntryPoint","urlTemplate":"https:\/\/elizabethpeladeau.com\/?s={search_term_string}"},"query-input":{"@type":"PropertyValueSpecification","valueRequired":true,"valueName":"search_term_string"}}],"inLanguage":"fr-CA"}]}},"_links":{"self":[{"href":"https:\/\/elizabethpeladeau.com\/fr\/wp-json\/wp\/v2\/pages\/253","targetHints":{"allow":["GET"]}}],"collection":[{"href":"https:\/\/elizabethpeladeau.com\/fr\/wp-json\/wp\/v2\/pages"}],"about":[{"href":"https:\/\/elizabethpeladeau.com\/fr\/wp-json\/wp\/v2\/types\/page"}],"author":[{"embeddable":true,"href":"https:\/\/elizabethpeladeau.com\/fr\/wp-json\/wp\/v2\/users\/1"}],"replies":[{"embeddable":true,"href":"https:\/\/elizabethpeladeau.com\/fr\/wp-json\/wp\/v2\/comments?post=253"}],"version-history":[{"count":35,"href":"https:\/\/elizabethpeladeau.com\/fr\/wp-json\/wp\/v2\/pages\/253\/revisions"}],"predecessor-version":[{"id":2276,"href":"https:\/\/elizabethpeladeau.com\/fr\/wp-json\/wp\/v2\/pages\/253\/revisions\/2276"}],"wp:attachment":[{"href":"https:\/\/elizabethpeladeau.com\/fr\/wp-json\/wp\/v2\/media?parent=253"}],"curies":[{"name":"wp","href":"https:\/\/api.w.org\/{rel}","templated":true}]}}