{"id":2234,"date":"2026-03-20T17:47:48","date_gmt":"2026-03-20T17:47:48","guid":{"rendered":"https:\/\/elizabethpeladeau.com\/?page_id=2234"},"modified":"2026-04-13T19:26:12","modified_gmt":"2026-04-13T19:26:12","slug":"events","status":"publish","type":"page","link":"https:\/\/elizabethpeladeau.com\/fr\/events\/","title":{"rendered":"\u00c9v\u00e9nements"},"content":{"rendered":"<\/div><\/div><\/div><!-- close content main div --><\/div><\/div><div id='av-layout-grid-1' class='av-layout-grid-container entry-content-wrapper main_color av-flex-cells    container_wrap sidebar_right'   >\n<div class=\"flex_cell no_margin av_one_half\" style='vertical-align:top; padding:50px; '><div class='flex_cell_inner' ><p><div style='padding-bottom:20px;font-size:50px;' class='av-special-heading av-special-heading-h1  blockquote modern-quote   av-inherit-size'><h1 class='av-special-heading-tag translation-block'  itemprop=\"headline\"  >\u00c0 <b>Venir<\/b><\/h1><div class ='av-subheading av-subheading_below' style='font-size:15px;'><p>\u00c9v\u00e9nements<\/p>\n<\/div><div class='special-heading-border'><div class='special-heading-inner-border' ><\/div><\/div><\/div><br \/>\n<div class='av-catalogue-container'><ul class='av-catalogue-list'>\n<li><div class='av-catalogue-item'><div class='av-catalogue-item-inner'><div class='av-catalogue-title-container'><div class='av-catalogue-title'>Esprit vif\u00a0: 1001 choses \u00e0 savoir sur le TDAH<\/div><div class='av-catalogue-price'><\/div><\/div><div class='av-catalogue-content'>\nUn regard neuf et stimulant sur le TDAH \u2014 au-del\u00e0 des st\u00e9r\u00e9otypes.<br \/>\nAvec moi : Elizabeth P\u00e9ladeau<br \/>\n<\/div><\/div><\/div><\/li>\n<li><div class='av-catalogue-item'><div class='av-catalogue-item-inner'><div class='av-catalogue-title-container'><div class='av-catalogue-title'>Brain Food: Cooking for Focus &amp; Energy<\/div><div class='av-catalogue-price'><\/div><\/div><div class='av-catalogue-content'>\nUne exp\u00e9rience pratique et sensorielle en cuisine pour favoriser la clart\u00e9 d&#039;esprit et l&#039;humeur.<br \/>\nAvec Sol\u00e8ne Thouin https:\/\/www.solenesante.com\/<br \/>\n<a href=\"https:\/\/www.solenesante.com\/\" target=\"_blank\" rel=\"noopener\">https:\/\/www.solenesante.com\/<\/a><br \/>\n<\/div><\/div><\/div><\/li>\n<li><div class='av-catalogue-item'><div class='av-catalogue-item-inner'><div class='av-catalogue-title-container'><div class='av-catalogue-title'>Bain sonore pour l'esprit agit\u00e9 <\/div><div class='av-catalogue-price'><\/div><\/div><div class='av-catalogue-content'>\nUne exp\u00e9rience apaisante et ressour\u00e7ante con\u00e7ue pour r\u00e9initialiser votre syst\u00e8me nerveux.<br \/>\navec Laur Fug\u00e8re (ancienne chanteuse du Cirque du Soleil)\nhttps:\/\/www.laurfugere.com\/<br \/>\n<a href=\"https:\/\/www.laurfugere.com\/\" target=\"_blank\" rel=\"noopener\">https:\/\/www.laurfugere.com\/<\/a><br \/>\n<\/div><\/div><\/div><\/li>\n<li><div class='av-catalogue-item'><div class='av-catalogue-item-inner'><div class='av-catalogue-title-container'><div class='av-catalogue-title'>Musique: Dopamine naturelle<\/div><div class='av-catalogue-price'><\/div><\/div><div class='av-catalogue-content'>\nLaisse-toi transporter par de la musique qui fait du bien avec\nJulien Arsenault guitariste et chanteur<br \/>\n<\/div><\/div><\/div><\/li>\n<li><div class='av-catalogue-item'><div class='av-catalogue-item-inner'><div class='av-catalogue-title-container'><div class='av-catalogue-title'>Look Good Feel Good<\/div><div class='av-catalogue-price'><\/div><\/div><div class='av-catalogue-content'>\n<div>D\u00e9couvrez les tenues id\u00e9ales pour vous sentir au top de votre forme avec la Boutique Josyben et sa styliste.<\/div>\n<div><a href=\"https:\/\/www.boutiquejosyben.com\/\" target=\"_blank\" rel=\"noopener\">https:\/\/www.boutiquejosyben.com\/<\/a><\/div>\n<div><\/div>\n<\/div><\/div><\/div><\/li>\n<\/ul><\/div><br \/>\n<section class=\"av_textblock_section\"  itemscope=\"itemscope\" itemtype=\"https:\/\/schema.org\/CreativeWork\" ><div class='avia_textblock  av_inherit_color'   itemprop=\"text\" ><p>\u00c0 ne pas manquer !<\/p>\n<\/div><\/section><br \/>\n<form action=\"https:\/\/elizabethpeladeau.com\/fr\/events\/\" method=\"post\"  class=\"avia_ajax_form av-form-labels-visible\" data-avia-form-id=\"1\" data-avia-redirect='' data-trp-original-action=\"https:\/\/elizabethpeladeau.com\/fr\/events\/\"><fieldset><h3>Abonnez-vous \u00e0 ma newsletter et restez inform\u00e9\u00a0!<\/h3><p class='first_form  form_element form_fullwidth' id='element_avia_1_1'><label for=\"avia_1_1\">Nom <abbr class=\"required\" title=\"required\">*<\/abbr><\/label> <input name=\"avia_1_1\" class=\"text_input is_empty\" type=\"text\" id=\"avia_1_1\" value=\"\" \/><\/p><p class='first_form  form_element form_fullwidth av-last-visible-form-element' id='element_avia_2_1'><label for=\"avia_2_1\">E-mail <abbr class=\"required\" title=\"required\">*<\/abbr><\/label> <input name=\"avia_2_1\" class=\"text_input is_email\" type=\"text\" id=\"avia_2_1\" value=\"\" \/><\/p><p class=\"hidden\"><input type=\"text\" name=\"avia_3_1\" class=\"hidden\" id=\"avia_3_1\" value=\"\" \/><\/p><p class=\"form_element\"><input type=\"hidden\" value=\"1\" name=\"avia_generated_form1\" \/><input type=\"submit\" value=\"S&#039;abonner\" class=\"button\"  data-sending-label=\"Sending\"\/><\/p><\/fieldset><input type=\"hidden\" name=\"trp-form-language\" value=\"fr\"\/><\/form><div id=\"ajaxresponse_1\" class=\"ajaxresponse ajaxresponse_1 hidden\"><\/div><br \/>\n<div class='av-social-sharing-box'><div class='av-share-box'><h5 class='av-share-link-description'>Partager <\/h5><ul class='av-share-box-list noLightbox'><li class='av-share-link av-social-link-facebook' ><a target='_blank' href='http:\/\/www.facebook.com\/sharer.php?u=https:\/\/elizabethpeladeau.com\/fr\/events\/&amp;t=Events' aria-hidden='true' data-av_icon='\ue8f3' data-av_iconfont='entypo-fontello' title='' data-avia-related-tooltip='Share on Facebook'><span class='avia_hidden_link_text'>Share on Facebook<\/span><\/a><\/li><li class='av-share-link av-social-link-twitter' ><a target='_blank' href='https:\/\/twitter.com\/share?text=Events&url=https:\/\/elizabethpeladeau.com\/fr\/?p=2234' aria-hidden='true' data-av_icon='\ue8f1' data-av_iconfont='entypo-fontello' title='' data-avia-related-tooltip='Share on Twitter'><span class='avia_hidden_link_text'>Share on Twitter<\/span><\/a><\/li><li class='av-share-link av-social-link-gplus' ><a target='_blank' href='https:\/\/plus.google.com\/share?url=https:\/\/elizabethpeladeau.com\/fr\/events\/' aria-hidden='true' data-av_icon='\ue8f6' data-av_iconfont='entypo-fontello' title='' data-avia-related-tooltip='Share on Google+'><span class='avia_hidden_link_text'>Share on Google+<\/span><\/a><\/li><li class='av-share-link av-social-link-pinterest' ><a target='_blank' href='http:\/\/pinterest.com\/pin\/create\/button\/?url=https%3A%2F%2Felizabethpeladeau.com%2Ffr%2Fevents%2F&amp;description=Events&amp;media=' aria-hidden='true' data-av_icon='\ue8f8' data-av_iconfont='entypo-fontello' title='' data-avia-related-tooltip='Share on Pinterest'><span class='avia_hidden_link_text'>Share on Pinterest<\/span><\/a><\/li><li class='av-share-link av-social-link-linkedin' ><a target='_blank' href='http:\/\/linkedin.com\/shareArticle?mini=true&amp;title=Events&amp;url=https:\/\/elizabethpeladeau.com\/fr\/events\/' aria-hidden='true' data-av_icon='\ue8fc' data-av_iconfont='entypo-fontello' title='' data-avia-related-tooltip='Share on Linkedin'><span class='avia_hidden_link_text'>Share on Linkedin<\/span><\/a><\/li><li class='av-share-link av-social-link-tumblr' ><a target='_blank' href='http:\/\/www.tumblr.com\/share\/link?url=https%3A%2F%2Felizabethpeladeau.com%2Ffr%2Fevents%2F&amp;name=Events&amp;description=' aria-hidden='true' data-av_icon='\ue8fa' data-av_iconfont='entypo-fontello' title='' data-avia-related-tooltip='Share on Tumblr'><span class='avia_hidden_link_text'>Share on Tumblr<\/span><\/a><\/li><li class='av-share-link av-social-link-vk' ><a target='_blank' href='http:\/\/vk.com\/share.php?url=https:\/\/elizabethpeladeau.com\/fr\/events\/' aria-hidden='true' data-av_icon='\ue926' data-av_iconfont='entypo-fontello' title='' data-avia-related-tooltip='Share on Vk'><span class='avia_hidden_link_text'>Share on Vk<\/span><\/a><\/li><li class='av-share-link av-social-link-reddit' ><a target='_blank' href='http:\/\/reddit.com\/submit?url=https:\/\/elizabethpeladeau.com\/fr\/events\/&amp;title=Events' aria-hidden='true' data-av_icon='\ue927' data-av_iconfont='entypo-fontello' title='' data-avia-related-tooltip='Share on Reddit'><span class='avia_hidden_link_text'>Share on Reddit<\/span><\/a><\/li><li class='av-share-link av-social-link-mail' ><a  href='mailto:?subject=Events&amp;body=https:\/\/elizabethpeladeau.com\/fr\/events\/' aria-hidden='true' data-av_icon='\ue805' data-av_iconfont='entypo-fontello' title='' data-avia-related-tooltip='Share by Mail'><span class='avia_hidden_link_text'>Share by Mail<\/span><\/a><\/li><\/ul><\/div><\/div><\/p>\n<\/div><\/div><div class=\"flex_cell no_margin av_one_half   avia-full-stretch\" style='background-image:url(https:\/\/elizabethpeladeau.com\/wp-content\/uploads\/2026\/03\/DSC008812.jpg); background-position:center center; background-repeat:no-repeat; background-attachment:scroll; vertical-align:top; padding:30px; '><div class='flex_cell_inner' ><\/div><\/div><\/div><\/div><\/div><\/div><!-- close content main div --><\/div><\/div><div id='welcome' class='av-layout-grid-container entry-content-wrapper main_color av-fixed-cells    container_wrap sidebar_right'   >\n<div class=\"flex_cell no_margin av_one_fourth   av-zero-padding\" style='height:15px; min-height:15px;vertical-align:top; padding:0px; background-color:#f2b096; '><div class='flex_cell_inner' ><\/div><\/div><div class=\"flex_cell no_margin av_one_fourth   av-zero-padding\" style='height:15px; min-height:15px;vertical-align:top; padding:0px; background-color:#f27d4f; '><div class='flex_cell_inner' ><\/div><\/div><div class=\"flex_cell no_margin av_one_fourth   av-zero-padding\" style='height:15px; min-height:15px;vertical-align:top; padding:0px; background-color:#f15e24; '><div class='flex_cell_inner' ><\/div><\/div><div class=\"flex_cell no_margin av_one_fourth   av-zero-padding\" style='height:15px; min-height:15px;vertical-align:top; padding:0px; background-color:#f28154; '><div class='flex_cell_inner' ><\/div><\/div>\n<\/div><\/p>","protected":false},"excerpt":{"rendered":"","protected":false},"author":1,"featured_media":0,"parent":0,"menu_order":0,"comment_status":"closed","ping_status":"closed","template":"","meta":{"footnotes":""},"class_list":["post-2234","page","type-page","status-publish","hentry"],"yoast_head":"<!-- This site is optimized with the Yoast SEO plugin v27.4 - https:\/\/yoast.com\/product\/yoast-seo-wordpress\/ -->\n<title>Events | Elizabeth Peladeau<\/title>\n<meta name=\"robots\" content=\"index, follow, max-snippet:-1, max-image-preview:large, max-video-preview:-1\" \/>\n<link rel=\"canonical\" href=\"https:\/\/elizabethpeladeau.com\/fr\/events\/\" \/>\n<meta property=\"og:locale\" content=\"fr_CA\" \/>\n<meta property=\"og:type\" content=\"article\" \/>\n<meta property=\"og:title\" content=\"Events | Elizabeth Peladeau\" \/>\n<meta property=\"og:url\" content=\"https:\/\/elizabethpeladeau.com\/fr\/events\/\" \/>\n<meta property=\"og:site_name\" content=\"Elizabeth Peladeau\" \/>\n<meta property=\"article:publisher\" content=\"https:\/\/www.facebook.com\/lionzest\/\" \/>\n<meta property=\"article:modified_time\" content=\"2026-04-13T19:26:12+00:00\" \/>\n<meta property=\"og:image\" content=\"http:\/\/a3o.265.mytemp.website\/wp-content\/uploads\/2016\/05\/qqw.jpg\" \/>\n<meta name=\"twitter:card\" content=\"summary_large_image\" \/>\n<meta name=\"twitter:site\" content=\"@zabette\" \/>\n<meta name=\"twitter:label1\" content=\"Estimation du temps de lecture\" \/>\n\t<meta name=\"twitter:data1\" content=\"2 minutes\" \/>\n<script type=\"application\/ld+json\" class=\"yoast-schema-graph\">{\"@context\":\"https:\\\/\\\/schema.org\",\"@graph\":[{\"@type\":\"WebPage\",\"@id\":\"https:\\\/\\\/elizabethpeladeau.com\\\/events\\\/\",\"url\":\"https:\\\/\\\/elizabethpeladeau.com\\\/events\\\/\",\"name\":\"Events | Elizabeth Peladeau\",\"isPartOf\":{\"@id\":\"https:\\\/\\\/elizabethpeladeau.com\\\/#website\"},\"datePublished\":\"2026-03-20T17:47:48+00:00\",\"dateModified\":\"2026-04-13T19:26:12+00:00\",\"breadcrumb\":{\"@id\":\"https:\\\/\\\/elizabethpeladeau.com\\\/events\\\/#breadcrumb\"},\"inLanguage\":\"fr-CA\",\"potentialAction\":[{\"@type\":\"ReadAction\",\"target\":[\"https:\\\/\\\/elizabethpeladeau.com\\\/events\\\/\"]}]},{\"@type\":\"BreadcrumbList\",\"@id\":\"https:\\\/\\\/elizabethpeladeau.com\\\/events\\\/#breadcrumb\",\"itemListElement\":[{\"@type\":\"ListItem\",\"position\":1,\"name\":\"Home\",\"item\":\"https:\\\/\\\/elizabethpeladeau.com\\\/welcome\\\/\"},{\"@type\":\"ListItem\",\"position\":2,\"name\":\"Events\"}]},{\"@type\":\"WebSite\",\"@id\":\"https:\\\/\\\/elizabethpeladeau.com\\\/#website\",\"url\":\"https:\\\/\\\/elizabethpeladeau.com\\\/\",\"name\":\"Elizabeth Peladeau\",\"description\":\"Reconnect, Realign &amp; Rise\",\"potentialAction\":[{\"@type\":\"SearchAction\",\"target\":{\"@type\":\"EntryPoint\",\"urlTemplate\":\"https:\\\/\\\/elizabethpeladeau.com\\\/?s={search_term_string}\"},\"query-input\":{\"@type\":\"PropertyValueSpecification\",\"valueRequired\":true,\"valueName\":\"search_term_string\"}}],\"inLanguage\":\"fr-CA\"}]}<\/script>\n<!-- \/ Yoast SEO plugin. -->","yoast_head_json":{"title":"Events | Elizabeth Peladeau","robots":{"index":"index","follow":"follow","max-snippet":"max-snippet:-1","max-image-preview":"max-image-preview:large","max-video-preview":"max-video-preview:-1"},"canonical":"https:\/\/elizabethpeladeau.com\/fr\/events\/","og_locale":"fr_CA","og_type":"article","og_title":"Events | Elizabeth Peladeau","og_url":"https:\/\/elizabethpeladeau.com\/fr\/events\/","og_site_name":"Elizabeth Peladeau","article_publisher":"https:\/\/www.facebook.com\/lionzest\/","article_modified_time":"2026-04-13T19:26:12+00:00","og_image":[{"url":"http:\/\/a3o.265.mytemp.website\/wp-content\/uploads\/2016\/05\/qqw.jpg","type":"","width":"","height":""}],"twitter_card":"summary_large_image","twitter_site":"@zabette","twitter_misc":{"Estimation du temps de lecture":"2 minutes"},"schema":{"@context":"https:\/\/schema.org","@graph":[{"@type":"WebPage","@id":"https:\/\/elizabethpeladeau.com\/events\/","url":"https:\/\/elizabethpeladeau.com\/events\/","name":"Events | Elizabeth Peladeau","isPartOf":{"@id":"https:\/\/elizabethpeladeau.com\/#website"},"datePublished":"2026-03-20T17:47:48+00:00","dateModified":"2026-04-13T19:26:12+00:00","breadcrumb":{"@id":"https:\/\/elizabethpeladeau.com\/events\/#breadcrumb"},"inLanguage":"fr-CA","potentialAction":[{"@type":"ReadAction","target":["https:\/\/elizabethpeladeau.com\/events\/"]}]},{"@type":"BreadcrumbList","@id":"https:\/\/elizabethpeladeau.com\/events\/#breadcrumb","itemListElement":[{"@type":"ListItem","position":1,"name":"Home","item":"https:\/\/elizabethpeladeau.com\/welcome\/"},{"@type":"ListItem","position":2,"name":"Events"}]},{"@type":"WebSite","@id":"https:\/\/elizabethpeladeau.com\/#website","url":"https:\/\/elizabethpeladeau.com\/","name":"\u00c9lisabeth P\u00e9ladeau","description":"Se reconnecter, se r\u00e9aligner et s&#039;\u00e9lever","potentialAction":[{"@type":"SearchAction","target":{"@type":"EntryPoint","urlTemplate":"https:\/\/elizabethpeladeau.com\/?s={search_term_string}"},"query-input":{"@type":"PropertyValueSpecification","valueRequired":true,"valueName":"search_term_string"}}],"inLanguage":"fr-CA"}]}},"_links":{"self":[{"href":"https:\/\/elizabethpeladeau.com\/fr\/wp-json\/wp\/v2\/pages\/2234","targetHints":{"allow":["GET"]}}],"collection":[{"href":"https:\/\/elizabethpeladeau.com\/fr\/wp-json\/wp\/v2\/pages"}],"about":[{"href":"https:\/\/elizabethpeladeau.com\/fr\/wp-json\/wp\/v2\/types\/page"}],"author":[{"embeddable":true,"href":"https:\/\/elizabethpeladeau.com\/fr\/wp-json\/wp\/v2\/users\/1"}],"replies":[{"embeddable":true,"href":"https:\/\/elizabethpeladeau.com\/fr\/wp-json\/wp\/v2\/comments?post=2234"}],"version-history":[{"count":17,"href":"https:\/\/elizabethpeladeau.com\/fr\/wp-json\/wp\/v2\/pages\/2234\/revisions"}],"predecessor-version":[{"id":2284,"href":"https:\/\/elizabethpeladeau.com\/fr\/wp-json\/wp\/v2\/pages\/2234\/revisions\/2284"}],"wp:attachment":[{"href":"https:\/\/elizabethpeladeau.com\/fr\/wp-json\/wp\/v2\/media?parent=2234"}],"curies":[{"name":"wp","href":"https:\/\/api.w.org\/{rel}","templated":true}]}}