{"id":2020,"date":"2025-05-24T17:00:26","date_gmt":"2025-05-24T17:00:26","guid":{"rendered":"https:\/\/lionzest.ca\/?page_id=2020"},"modified":"2026-04-13T19:32:39","modified_gmt":"2026-04-13T19:32:39","slug":"book-discovery-guide-step-into-your-story","status":"publish","type":"page","link":"https:\/\/elizabethpeladeau.com\/fr\/book-discovery-guide-step-into-your-story\/","title":{"rendered":"Livre : Guide de d\u00e9couverte : Entrez dans votre histoire !"},"content":{"rendered":"<\/div><\/div><\/div><!-- close content main div --><\/div><\/div><div id='av_section_1' class='avia-section main_color avia-section-default avia-no-shadow avia-bg-style-scroll   container_wrap sidebar_right'   ><div class='container' ><div class='template-page content  av-content-small alpha units'><div class='post-entry post-entry-type-page post-entry-2020'><div class='entry-content-wrapper clearfix'>\n<div class=\"flex_column av_one_half  flex_column_div av-zero-column-padding first\" style='border-radius:0px; '><p><article class=\"iconbox iconbox_top main_color\"  itemscope=\"itemscope\" itemtype=\"https:\/\/schema.org\/CreativeWork\" ><div class=\"iconbox_content\"><header class=\"entry-content-header\"><div class=\"iconbox_icon heading-color\" aria-hidden='true' data-av_icon='\ue806' data-av_iconfont='entypo-fontello'  ><\/div><h3 class='iconbox_content_title'  itemprop=\"headline\"  >Mon Egr\u00e9gore !<\/h3><\/header><div class='iconbox_content_container'  itemprop=\"text\"  ><p><strong>Reliez les points de votre histoire et assistez \u00e0 l\u2019\u00e9mergence de votre essence \u00e0 travers ce m\u00e9lange captivant de m\u00e9moire et de guide de d\u00e9couverte.<\/strong><\/p>\n<p>Laissez-vous guider par le rythme de playlists s\u00e9lectionn\u00e9es, savourez les recettes pr\u00e9f\u00e9r\u00e9es de l&#039;enfance d&#039;Elizabeth et plongez dans une exp\u00e9rience litt\u00e9raire qui \u00e9veille vos sens. Ce voyage unique vous invite \u00e0 explorer la riche culture et l&#039;histoire du Qu\u00e9bec, tout en d\u00e9couvrant les liens profonds qui nous fa\u00e7onnent.<\/p>\n<p>Ambitieux, sinc\u00e8re et profond\u00e9ment pertinent, ce livre c\u00e9l\u00e8bre les personnes, les exp\u00e9riences et l\u2019amour qui nous unissent dans une histoire commune.<\/p>\n<p class=\"translation-block\">R\u00e9pondez \u00e0 des questions stimulantes qui vous ram\u00e8neront au c\u0153ur de votre enfance, \u00e0 vous-m\u00eame.<\/p>\n<\/div><\/div><footer class=\"entry-footer\"><\/footer><\/article><br \/>\n<div class='avia-button-wrap avia-button-center'><a href='https:\/\/www.amazon.ca\/My-Egregore-Elizabeth-P%C3%A9ladeau\/dp\/1777391644\/ref=sr_1_2?crid=11SV6RYQCRK54&amp;dib=eyJ2IjoiMSJ9.6tWeklfWMXWlM2LvbUA4SLVc6Vw6XoBRbgrNW9zNuqM.NEe2YKHliGXRHRQ-R5SiCSOo2XfmW-h0rbhlvRsBsTo&amp;dib_tag=se&amp;keywords=elizabeth+peladeau+my+egregore&amp;qid=1752695900&amp;s=books&amp;sprefix=elizabeth+peladeau+my+egregore%2Cstripbooks%2C75&amp;sr=1-2' class='avia-button av-icon-on-hover  avia-icon_select-yes-right-icon avia-color-theme-color avia-size-x-large avia-position-center'   ><span class='avia_iconbox_title' >Obtenez votre copie en anglais <\/span><span class='avia_button_icon avia_button_icon_right' aria-hidden='true' data-av_icon='\ue879' data-av_iconfont='entypo-fontello'><\/span><\/a><\/div><br \/>\n<div class='avia-button-wrap avia-button-center'><a href='https:\/\/www.amazon.ca\/Mon-%C3%89gr%C3%A9gore-Elizabeth-P%C3%A9ladeau\/dp\/1777391679\/ref=sr_1_2?crid=1RT9OF3R2SAJW&amp;dib=eyJ2IjoiMSJ9.8xs7QkUu2FEFo8D3jEyMZ5S4xpKciSPM7vVvC8qt0tjGjHj071QN20LucGBJIEps.ekgukA4M32pnm4PtvPK9AQR9k7repnIzPvcFVfQbpWA&amp;dib_tag=se&amp;keywords=elizabeth+peladeau+mon+egregore&amp;qid=1754668854&amp;s=books&amp;sprefix=elizabeth+peladeau+mon+egregore%2Cstripbooks%2C67&amp;sr=1-2' class='avia-button av-icon-on-hover  avia-icon_select-yes-right-icon avia-color-theme-color avia-size-x-large avia-position-center'   ><span class='avia_iconbox_title' >Obtenez votre exemplaire en fran\u00e7ais <\/span><span class='avia_button_icon avia_button_icon_right' aria-hidden='true' data-av_icon='\ue879' data-av_iconfont='entypo-fontello'><\/span><\/a><\/div><\/p><\/div><div class=\"flex_column av_one_half  flex_column_div av-zero-column-padding\" style='border-radius:0px; '><div class='avia-image-container  av-styling-    avia-align-center'  itemscope=\"itemscope\" itemtype=\"https:\/\/schema.org\/ImageObject\"  ><div class='avia-image-container-inner'><img class='avia_image' src='http:\/\/elizabethpeladeau.com\/wp-content\/uploads\/2025\/08\/61NMCC1OcrL._SL1500_.jpg' alt='' title='http:\/\/elizabethpeladeau.com\/wp-content\/uploads\/2025\/08\/61NMCC1OcrL._SL1500_.jpg'   itemprop=\"thumbnailUrl\"  \/><\/div><\/div><\/div><\/div><\/div><\/div><!-- close content main div --><\/div><\/div><div id='after_section_1' class='main_color av_default_container_wrap container_wrap sidebar_right'   ><div class='container' ><div class='template-page content  av-content-small alpha units'><div class='post-entry post-entry-type-page post-entry-2020'><div class='entry-content-wrapper clearfix'><\/div><\/div><\/div><!-- close content main div --><\/div><\/div><div id='av_section_2' class='avia-section main_color avia-section-default avia-no-shadow avia-bg-style-scroll   container_wrap sidebar_right'   ><div class='container' ><div class='template-page content  av-content-small alpha units'><div class='post-entry post-entry-type-page post-entry-2020'><div class='entry-content-wrapper clearfix'>\n<div class=\"flex_column av_one_half  flex_column_div av-zero-column-padding first\" style='border-radius:0px; '><div class='avia-image-container  av-styling-    avia-align-center'  itemscope=\"itemscope\" itemtype=\"https:\/\/schema.org\/ImageObject\"  ><div class='avia-image-container-inner'><img class='avia_image' src='http:\/\/elizabethpeladeau.com\/wp-content\/uploads\/2025\/07\/093-5.5x8.png' alt='' title='http:\/\/elizabethpeladeau.com\/wp-content\/uploads\/2025\/07\/093-5.5x8.png'   itemprop=\"thumbnailUrl\"  \/><\/div><\/div><\/div><div class=\"flex_column av_one_half  flex_column_div av-zero-column-padding\" style='border-radius:0px; '><article class=\"iconbox iconbox_top main_color\"  itemscope=\"itemscope\" itemtype=\"https:\/\/schema.org\/CreativeWork\" ><div class=\"iconbox_content\"><header class=\"entry-content-header\"><div class=\"iconbox_icon heading-color\" aria-hidden='true' data-av_icon='\ue8dd' data-av_iconfont='entypo-fontello'  ><\/div><h3 class='iconbox_content_title'  itemprop=\"headline\"  >Dans les m\u00e9dias :<\/h3><\/header><div class='iconbox_content_container'  itemprop=\"text\"  ><ul>\n<li style=\"text-align: left;\">Journal de Montr\u00e9al : <a href=\"https:\/\/www.journaldemontreal.com\/2022\/09\/01\/recit-biographique-transmettre-sa-joie-de-vivre\">https:\/\/www.journaldemontreal.com\/2022\/09\/01\/recit-biographique-transmettre-sa-joie-de-vivre<\/a><\/li>\n<li style=\"text-align: left;\">7 Jours Magazine : <a href=\"https:\/\/www.7jours.ca\/2022\/05\/07\/elizabeth-peladeau-profondement-habitee-par-lesprit-de-communaute\">https:\/\/www.7jours.ca\/2022\/05\/07\/elizabeth-peladeau-profondement-habitee-par-lesprit-de-communaute<\/a><\/li>\n<li style=\"text-align: left;\">Canadian Living: <a href=\"https:\/\/www.canadianliving.com\/life-and-relationships\/canadian-living-books\/article\/9-memoirs-to-read-for-the-people-person\">https:\/\/www.canadianliving.com\/life-and-relationships\/canadian-living-books\/article\/9-memoirs-to-read-for-the-people-person <\/a>ch\u00e8que n\u00b05 !!<\/li>\n<li style=\"text-align: left;\">Radio FM 103.3 : \u00ab Faire une Femme de soi \u00bb avec Janie Duquette<\/li>\n<li style=\"text-align: left;\">TVA, SALUT BONJOUR - 4 novembre 2022<\/li>\n<\/ul>\n<\/div><\/div><footer class=\"entry-footer\"><\/footer><\/article><\/div>\n<\/div><\/div><\/div><!-- close content main div --><\/div><\/div><div id='after_section_2' class='main_color av_default_container_wrap container_wrap sidebar_right'   ><div class='container' ><div class='template-page content  av-content-small alpha units'><div class='post-entry post-entry-type-page post-entry-2020'><div class='entry-content-wrapper clearfix'><\/p>\n<\/div><\/div><\/div><!-- close content main div --><\/div><\/div><div id='welcome' class='av-layout-grid-container entry-content-wrapper main_color av-fixed-cells    container_wrap sidebar_right'   >\n<div class=\"flex_cell no_margin av_one_fourth   av-zero-padding\" style='height:15px; min-height:15px;vertical-align:top; padding:0px; background-color:#f2b096; '><div class='flex_cell_inner' ><\/div><\/div><div class=\"flex_cell no_margin av_one_fourth   av-zero-padding\" style='height:15px; min-height:15px;vertical-align:top; padding:0px; background-color:#f27d4f; '><div class='flex_cell_inner' ><\/div><\/div><div class=\"flex_cell no_margin av_one_fourth   av-zero-padding\" style='height:15px; min-height:15px;vertical-align:top; padding:0px; background-color:#f15e24; '><div class='flex_cell_inner' ><\/div><\/div><div class=\"flex_cell no_margin av_one_fourth   av-zero-padding\" style='height:15px; min-height:15px;vertical-align:top; padding:0px; background-color:#f28154; '><div class='flex_cell_inner' ><\/div><\/div>\n<\/div>","protected":false},"excerpt":{"rendered":"","protected":false},"author":1,"featured_media":0,"parent":0,"menu_order":0,"comment_status":"closed","ping_status":"closed","template":"","meta":{"footnotes":""},"class_list":["post-2020","page","type-page","status-publish","hentry"],"yoast_head":"<!-- This site is optimized with the Yoast SEO plugin v27.4 - https:\/\/yoast.com\/product\/yoast-seo-wordpress\/ -->\n<title>Book: Discovery Guide: Step Into Your Story! | Elizabeth Peladeau<\/title>\n<meta name=\"robots\" content=\"index, follow, max-snippet:-1, max-image-preview:large, max-video-preview:-1\" \/>\n<link rel=\"canonical\" href=\"https:\/\/elizabethpeladeau.com\/fr\/book-discovery-guide-step-into-your-story\/\" \/>\n<meta property=\"og:locale\" content=\"fr_CA\" \/>\n<meta property=\"og:type\" content=\"article\" \/>\n<meta property=\"og:title\" content=\"Book: Discovery Guide: Step Into Your Story! | Elizabeth Peladeau\" \/>\n<meta property=\"og:url\" content=\"https:\/\/elizabethpeladeau.com\/fr\/book-discovery-guide-step-into-your-story\/\" \/>\n<meta property=\"og:site_name\" content=\"Elizabeth Peladeau\" \/>\n<meta property=\"article:publisher\" content=\"https:\/\/www.facebook.com\/lionzest\/\" \/>\n<meta property=\"article:modified_time\" content=\"2026-04-13T19:32:39+00:00\" \/>\n<meta property=\"og:image\" content=\"http:\/\/a3o.265.mytemp.website\/wp-content\/uploads\/2016\/05\/qqw.jpg\" \/>\n<meta name=\"twitter:card\" content=\"summary_large_image\" \/>\n<meta name=\"twitter:site\" content=\"@zabette\" \/>\n<meta name=\"twitter:label1\" content=\"Estimation du temps de lecture\" \/>\n\t<meta name=\"twitter:data1\" content=\"3 minutes\" \/>\n<script type=\"application\/ld+json\" class=\"yoast-schema-graph\">{\"@context\":\"https:\\\/\\\/schema.org\",\"@graph\":[{\"@type\":\"WebPage\",\"@id\":\"https:\\\/\\\/elizabethpeladeau.com\\\/book-discovery-guide-step-into-your-story\\\/\",\"url\":\"https:\\\/\\\/elizabethpeladeau.com\\\/book-discovery-guide-step-into-your-story\\\/\",\"name\":\"Book: Discovery Guide: Step Into Your Story! | Elizabeth Peladeau\",\"isPartOf\":{\"@id\":\"https:\\\/\\\/elizabethpeladeau.com\\\/#website\"},\"datePublished\":\"2025-05-24T17:00:26+00:00\",\"dateModified\":\"2026-04-13T19:32:39+00:00\",\"breadcrumb\":{\"@id\":\"https:\\\/\\\/elizabethpeladeau.com\\\/book-discovery-guide-step-into-your-story\\\/#breadcrumb\"},\"inLanguage\":\"fr-CA\",\"potentialAction\":[{\"@type\":\"ReadAction\",\"target\":[\"https:\\\/\\\/elizabethpeladeau.com\\\/book-discovery-guide-step-into-your-story\\\/\"]}]},{\"@type\":\"BreadcrumbList\",\"@id\":\"https:\\\/\\\/elizabethpeladeau.com\\\/book-discovery-guide-step-into-your-story\\\/#breadcrumb\",\"itemListElement\":[{\"@type\":\"ListItem\",\"position\":1,\"name\":\"Home\",\"item\":\"https:\\\/\\\/elizabethpeladeau.com\\\/welcome\\\/\"},{\"@type\":\"ListItem\",\"position\":2,\"name\":\"Book: Discovery Guide: Step Into Your Story!\"}]},{\"@type\":\"WebSite\",\"@id\":\"https:\\\/\\\/elizabethpeladeau.com\\\/#website\",\"url\":\"https:\\\/\\\/elizabethpeladeau.com\\\/\",\"name\":\"Elizabeth Peladeau\",\"description\":\"Reconnect, Realign &amp; Rise\",\"potentialAction\":[{\"@type\":\"SearchAction\",\"target\":{\"@type\":\"EntryPoint\",\"urlTemplate\":\"https:\\\/\\\/elizabethpeladeau.com\\\/?s={search_term_string}\"},\"query-input\":{\"@type\":\"PropertyValueSpecification\",\"valueRequired\":true,\"valueName\":\"search_term_string\"}}],\"inLanguage\":\"fr-CA\"}]}<\/script>\n<!-- \/ Yoast SEO plugin. -->","yoast_head_json":{"title":"Book: Discovery Guide: Step Into Your Story! | Elizabeth Peladeau","robots":{"index":"index","follow":"follow","max-snippet":"max-snippet:-1","max-image-preview":"max-image-preview:large","max-video-preview":"max-video-preview:-1"},"canonical":"https:\/\/elizabethpeladeau.com\/fr\/book-discovery-guide-step-into-your-story\/","og_locale":"fr_CA","og_type":"article","og_title":"Book: Discovery Guide: Step Into Your Story! | Elizabeth Peladeau","og_url":"https:\/\/elizabethpeladeau.com\/fr\/book-discovery-guide-step-into-your-story\/","og_site_name":"Elizabeth Peladeau","article_publisher":"https:\/\/www.facebook.com\/lionzest\/","article_modified_time":"2026-04-13T19:32:39+00:00","og_image":[{"url":"http:\/\/a3o.265.mytemp.website\/wp-content\/uploads\/2016\/05\/qqw.jpg","type":"","width":"","height":""}],"twitter_card":"summary_large_image","twitter_site":"@zabette","twitter_misc":{"Estimation du temps de lecture":"3 minutes"},"schema":{"@context":"https:\/\/schema.org","@graph":[{"@type":"WebPage","@id":"https:\/\/elizabethpeladeau.com\/book-discovery-guide-step-into-your-story\/","url":"https:\/\/elizabethpeladeau.com\/book-discovery-guide-step-into-your-story\/","name":"Book: Discovery Guide: Step Into Your Story! | Elizabeth Peladeau","isPartOf":{"@id":"https:\/\/elizabethpeladeau.com\/#website"},"datePublished":"2025-05-24T17:00:26+00:00","dateModified":"2026-04-13T19:32:39+00:00","breadcrumb":{"@id":"https:\/\/elizabethpeladeau.com\/book-discovery-guide-step-into-your-story\/#breadcrumb"},"inLanguage":"fr-CA","potentialAction":[{"@type":"ReadAction","target":["https:\/\/elizabethpeladeau.com\/book-discovery-guide-step-into-your-story\/"]}]},{"@type":"BreadcrumbList","@id":"https:\/\/elizabethpeladeau.com\/book-discovery-guide-step-into-your-story\/#breadcrumb","itemListElement":[{"@type":"ListItem","position":1,"name":"Home","item":"https:\/\/elizabethpeladeau.com\/welcome\/"},{"@type":"ListItem","position":2,"name":"Book: Discovery Guide: Step Into Your Story!"}]},{"@type":"WebSite","@id":"https:\/\/elizabethpeladeau.com\/#website","url":"https:\/\/elizabethpeladeau.com\/","name":"\u00c9lisabeth P\u00e9ladeau","description":"Se reconnecter, se r\u00e9aligner et s&#039;\u00e9lever","potentialAction":[{"@type":"SearchAction","target":{"@type":"EntryPoint","urlTemplate":"https:\/\/elizabethpeladeau.com\/?s={search_term_string}"},"query-input":{"@type":"PropertyValueSpecification","valueRequired":true,"valueName":"search_term_string"}}],"inLanguage":"fr-CA"}]}},"_links":{"self":[{"href":"https:\/\/elizabethpeladeau.com\/fr\/wp-json\/wp\/v2\/pages\/2020","targetHints":{"allow":["GET"]}}],"collection":[{"href":"https:\/\/elizabethpeladeau.com\/fr\/wp-json\/wp\/v2\/pages"}],"about":[{"href":"https:\/\/elizabethpeladeau.com\/fr\/wp-json\/wp\/v2\/types\/page"}],"author":[{"embeddable":true,"href":"https:\/\/elizabethpeladeau.com\/fr\/wp-json\/wp\/v2\/users\/1"}],"replies":[{"embeddable":true,"href":"https:\/\/elizabethpeladeau.com\/fr\/wp-json\/wp\/v2\/comments?post=2020"}],"version-history":[{"count":10,"href":"https:\/\/elizabethpeladeau.com\/fr\/wp-json\/wp\/v2\/pages\/2020\/revisions"}],"predecessor-version":[{"id":2286,"href":"https:\/\/elizabethpeladeau.com\/fr\/wp-json\/wp\/v2\/pages\/2020\/revisions\/2286"}],"wp:attachment":[{"href":"https:\/\/elizabethpeladeau.com\/fr\/wp-json\/wp\/v2\/media?parent=2020"}],"curies":[{"name":"wp","href":"https:\/\/api.w.org\/{rel}","templated":true}]}}